{"id":500,"date":"2024-08-27T12:49:50","date_gmt":"2024-08-27T09:49:50","guid":{"rendered":"https:\/\/sinilinnukeskus.ee\/?page_id=500"},"modified":"2024-08-27T13:04:45","modified_gmt":"2024-08-27T10:04:45","slug":"iga-kuine-polvamaa-puuetega-inimeste-koda-perepaev","status":"publish","type":"page","link":"https:\/\/sinilinnukeskus.ee\/?page_id=500","title":{"rendered":"Iga kuine P\u00f5lvamaa Puuetega Inimeste Koda Perep\u00e4ev"},"content":{"rendered":"\n<p>Vahel \u00fchest \u00fcritusest kujuneb sari.<\/p>\n\n\n\n<p>Sai korraldatud <a href=\"https:\/\/www.facebook.com\/parnukolledz?__cft__[0]=AZXcSDJGLXpg07GICC4FFLwo33zhHEZH5qCC1qdXlBFnXR7cMVlicEsEEtTd4YaXwZbjnJpCePtAQ2U22xVbZJPVXGOISyy9oPxOsLDVjLKLiqJvdcHj8Fv9f-IQjpjlQ747v8oWPsF_rrmm-5vrJj7XCaA8XAIFah4Dy3mIHihC06ziy2GYggW94lZkH8rRrUEPUctzctPYBb94TeUJ2YuZ&amp;__tn__=-]K-R\">Tartu \u00dclikooli P\u00e4rnu kolled\u017e<\/a> teise kursuse sotsiaalt\u00f6\u00f6- ja rehabilitatsiooni korralduse tudengitega \u00fcks vahva <a href=\"https:\/\/www.facebook.com\/events\/454437277017538\/?__cft__[0]=AZXcSDJGLXpg07GICC4FFLwo33zhHEZH5qCC1qdXlBFnXR7cMVlicEsEEtTd4YaXwZbjnJpCePtAQ2U22xVbZJPVXGOISyy9oPxOsLDVjLKLiqJvdcHj8Fv9f-IQjpjlQ747v8oWPsF_rrmm-5vrJj7XCaA8XAIFah4Dy3mIHihC06ziy2GYggW94lZkH8rRrUEPUctzctPYBb94TeUJ2YuZ&amp;__tn__=-UK-R\">P\u00d5LVAMAA PUUETEGA INIMESTE PEREP\u00c4EV<\/a> P\u00f5lvamaa PIK Peri sotsiaalkeskuse territooriumil.<\/p>\n\n\n\n<p>Koos Peri s\u00f5pradega on nii k\u00e4sit\u00f6\u00f6seepi kui ka emotsioonirullikuid ja s\u00fc\u00fcteroose meisterdatud, v\u00f5imeldud, discgolfi ja lauam\u00e4nge m\u00e4ngitud ning k\u00e4epaelu ja tutikesi \u00f5pitud tegema.<\/p>\n\n\n\n<p><a href=\"https:\/\/www.facebook.com\/parnukolledz?__cft__[0]=AZUArRwI3nCY2e3QEFcZZxlYH9nZGIaCCnM-PBcD8lLAbZCS69jHr9QwcJZD-l1-Sp_auR_WCoxK0BJOiGANqXP2qzZyNByZsPlYXNjJvQwFW5zQ6OL11j_zViC-yO0T0D6kN6NCqEczhjmiOf1-cJEmVxuLXASlzOLfCCzVVf4XZOt_5BCdn-IHVoiApybhlQysD58q003puPfir1qkMn4v&amp;__tn__=-]K-R\">Tartu \u00dclikooli P\u00e4rnu kolled\u017e<\/a> kogukonna ja vabatahtliku t\u00f6\u00f6 aine raames loodud \u00fcritus on oma elu elama hakkanud ja juba neljas \u00fcritus on edukalt l\u00e4bi viidud.<\/p>\n\n\n\n<p>J\u00e4rgmisel Peri s\u00f5prade p\u00e4eval vaatame \u00fcle lauakombed, \u00f5pime servjette voltima ja k\u00fcpsetame koos vahvleid ja pannkooke.<\/p>\n\n\n\n<figure class=\"wp-block-image size-large\"><img loading=\"lazy\" decoding=\"async\" width=\"1024\" height=\"1024\" src=\"https:\/\/sinilinnukeskus.ee\/wp-content\/uploads\/2024\/08\/441288032_325760423868790_2971835366699500631_n-1024x1024.jpg\" alt=\"\" class=\"wp-image-506\" srcset=\"https:\/\/sinilinnukeskus.ee\/wp-content\/uploads\/2024\/08\/441288032_325760423868790_2971835366699500631_n-1024x1024.jpg 1024w, https:\/\/sinilinnukeskus.ee\/wp-content\/uploads\/2024\/08\/441288032_325760423868790_2971835366699500631_n-300x300.jpg 300w, https:\/\/sinilinnukeskus.ee\/wp-content\/uploads\/2024\/08\/441288032_325760423868790_2971835366699500631_n-150x150.jpg 150w, https:\/\/sinilinnukeskus.ee\/wp-content\/uploads\/2024\/08\/441288032_325760423868790_2971835366699500631_n-768x768.jpg 768w, https:\/\/sinilinnukeskus.ee\/wp-content\/uploads\/2024\/08\/441288032_325760423868790_2971835366699500631_n-560x560.jpg 560w, https:\/\/sinilinnukeskus.ee\/wp-content\/uploads\/2024\/08\/441288032_325760423868790_2971835366699500631_n-600x600.jpg 600w, https:\/\/sinilinnukeskus.ee\/wp-content\/uploads\/2024\/08\/441288032_325760423868790_2971835366699500631_n-100x100.jpg 100w, https:\/\/sinilinnukeskus.ee\/wp-content\/uploads\/2024\/08\/441288032_325760423868790_2971835366699500631_n.jpg 1080w\" sizes=\"auto, (max-width: 1024px) 100vw, 1024px\" \/><\/figure>\n","protected":false},"excerpt":{"rendered":"<p>Vahel \u00fchest \u00fcritusest kujuneb sari. Sai korraldatud Tartu \u00dclikooli P\u00e4rnu kolled\u017e teise kursuse sotsiaalt\u00f6\u00f6- ja rehabilitatsiooni korralduse tudengitega \u00fcks vahva P\u00d5LVAMAA PUUETEGA INIMESTE PEREP\u00c4EV P\u00f5lvamaa<\/p>\n","protected":false},"author":1,"featured_media":0,"parent":0,"menu_order":0,"comment_status":"closed","ping_status":"closed","template":"","meta":{"_uag_custom_page_level_css":"","footnotes":""},"class_list":["post-500","page","type-page","status-publish","hentry"],"yoast_head":"<!-- This site is optimized with the Yoast SEO plugin v20.12 - https:\/\/yoast.com\/wordpress\/plugins\/seo\/ -->\n<title>Iga kuine P\u00f5lvamaa Puuetega Inimeste Koda Perep\u00e4ev - Sinilinnu P\u00e4evakeskus<\/title>\n<meta name=\"robots\" content=\"index, follow, max-snippet:-1, max-image-preview:large, max-video-preview:-1\" \/>\n<link rel=\"canonical\" href=\"https:\/\/sinilinnukeskus.ee\/?page_id=500\" \/>\n<meta property=\"og:locale\" content=\"et_EE\" \/>\n<meta property=\"og:type\" content=\"article\" \/>\n<meta property=\"og:title\" content=\"Iga kuine P\u00f5lvamaa Puuetega Inimeste Koda Perep\u00e4ev - Sinilinnu P\u00e4evakeskus\" \/>\n<meta property=\"og:description\" content=\"Vahel \u00fchest \u00fcritusest kujuneb sari. Sai korraldatud Tartu \u00dclikooli P\u00e4rnu kolled\u017e teise kursuse sotsiaalt\u00f6\u00f6- ja rehabilitatsiooni korralduse tudengitega \u00fcks vahva P\u00d5LVAMAA PUUETEGA INIMESTE PEREP\u00c4EV P\u00f5lvamaa\" \/>\n<meta property=\"og:url\" content=\"https:\/\/sinilinnukeskus.ee\/?page_id=500\" \/>\n<meta property=\"og:site_name\" content=\"Sinilinnu P\u00e4evakeskus\" \/>\n<meta property=\"article:modified_time\" content=\"2024-08-27T10:04:45+00:00\" \/>\n<meta property=\"og:image\" content=\"https:\/\/sinilinnukeskus.ee\/wp-content\/uploads\/2024\/08\/441288032_325760423868790_2971835366699500631_n-1024x1024.jpg\" \/>\n<meta name=\"twitter:card\" content=\"summary_large_image\" \/>\n<meta name=\"twitter:label1\" content=\"Est. reading time\" \/>\n\t<meta name=\"twitter:data1\" content=\"1 minut\" \/>\n<script type=\"application\/ld+json\" class=\"yoast-schema-graph\">{\"@context\":\"https:\/\/schema.org\",\"@graph\":[{\"@type\":\"WebPage\",\"@id\":\"https:\/\/sinilinnukeskus.ee\/?page_id=500\",\"url\":\"https:\/\/sinilinnukeskus.ee\/?page_id=500\",\"name\":\"Iga kuine P\u00f5lvamaa Puuetega Inimeste Koda Perep\u00e4ev - Sinilinnu P\u00e4evakeskus\",\"isPartOf\":{\"@id\":\"https:\/\/sinilinnukeskus.ee\/#website\"},\"datePublished\":\"2024-08-27T09:49:50+00:00\",\"dateModified\":\"2024-08-27T10:04:45+00:00\",\"breadcrumb\":{\"@id\":\"https:\/\/sinilinnukeskus.ee\/?page_id=500#breadcrumb\"},\"inLanguage\":\"et\",\"potentialAction\":[{\"@type\":\"ReadAction\",\"target\":[\"https:\/\/sinilinnukeskus.ee\/?page_id=500\"]}]},{\"@type\":\"BreadcrumbList\",\"@id\":\"https:\/\/sinilinnukeskus.ee\/?page_id=500#breadcrumb\",\"itemListElement\":[{\"@type\":\"ListItem\",\"position\":1,\"name\":\"Home\",\"item\":\"https:\/\/sinilinnukeskus.ee\/\"},{\"@type\":\"ListItem\",\"position\":2,\"name\":\"Iga kuine P\u00f5lvamaa Puuetega Inimeste Koda Perep\u00e4ev\"}]},{\"@type\":\"WebSite\",\"@id\":\"https:\/\/sinilinnukeskus.ee\/#website\",\"url\":\"https:\/\/sinilinnukeskus.ee\/\",\"name\":\"Sinilinnu P\u00e4evakeskus\",\"description\":\"Pesa erilistele inimestele!\",\"publisher\":{\"@id\":\"https:\/\/sinilinnukeskus.ee\/#organization\"},\"potentialAction\":[{\"@type\":\"SearchAction\",\"target\":{\"@type\":\"EntryPoint\",\"urlTemplate\":\"https:\/\/sinilinnukeskus.ee\/?s={search_term_string}\"},\"query-input\":\"required name=search_term_string\"}],\"inLanguage\":\"et\"},{\"@type\":\"Organization\",\"@id\":\"https:\/\/sinilinnukeskus.ee\/#organization\",\"name\":\"Sinilinnu P\u00e4evakeskus\",\"url\":\"https:\/\/sinilinnukeskus.ee\/\",\"logo\":{\"@type\":\"ImageObject\",\"inLanguage\":\"et\",\"@id\":\"https:\/\/sinilinnukeskus.ee\/#\/schema\/logo\/image\/\",\"url\":\"https:\/\/sinilinnukeskus.ee\/wp-content\/uploads\/2023\/08\/cropped-347582059_748069043770774_4850634586322964706_n-1.jpg\",\"contentUrl\":\"https:\/\/sinilinnukeskus.ee\/wp-content\/uploads\/2023\/08\/cropped-347582059_748069043770774_4850634586322964706_n-1.jpg\",\"width\":452,\"height\":291,\"caption\":\"Sinilinnu P\u00e4evakeskus\"},\"image\":{\"@id\":\"https:\/\/sinilinnukeskus.ee\/#\/schema\/logo\/image\/\"}}]}<\/script>\n<!-- \/ Yoast SEO plugin. -->","yoast_head_json":{"title":"Iga kuine P\u00f5lvamaa Puuetega Inimeste Koda Perep\u00e4ev - Sinilinnu P\u00e4evakeskus","robots":{"index":"index","follow":"follow","max-snippet":"max-snippet:-1","max-image-preview":"max-image-preview:large","max-video-preview":"max-video-preview:-1"},"canonical":"https:\/\/sinilinnukeskus.ee\/?page_id=500","og_locale":"et_EE","og_type":"article","og_title":"Iga kuine P\u00f5lvamaa Puuetega Inimeste Koda Perep\u00e4ev - Sinilinnu P\u00e4evakeskus","og_description":"Vahel \u00fchest \u00fcritusest kujuneb sari. Sai korraldatud Tartu \u00dclikooli P\u00e4rnu kolled\u017e teise kursuse sotsiaalt\u00f6\u00f6- ja rehabilitatsiooni korralduse tudengitega \u00fcks vahva P\u00d5LVAMAA PUUETEGA INIMESTE PEREP\u00c4EV P\u00f5lvamaa","og_url":"https:\/\/sinilinnukeskus.ee\/?page_id=500","og_site_name":"Sinilinnu P\u00e4evakeskus","article_modified_time":"2024-08-27T10:04:45+00:00","og_image":[{"url":"https:\/\/sinilinnukeskus.ee\/wp-content\/uploads\/2024\/08\/441288032_325760423868790_2971835366699500631_n-1024x1024.jpg"}],"twitter_card":"summary_large_image","twitter_misc":{"Est. reading time":"1 minut"},"schema":{"@context":"https:\/\/schema.org","@graph":[{"@type":"WebPage","@id":"https:\/\/sinilinnukeskus.ee\/?page_id=500","url":"https:\/\/sinilinnukeskus.ee\/?page_id=500","name":"Iga kuine P\u00f5lvamaa Puuetega Inimeste Koda Perep\u00e4ev - Sinilinnu P\u00e4evakeskus","isPartOf":{"@id":"https:\/\/sinilinnukeskus.ee\/#website"},"datePublished":"2024-08-27T09:49:50+00:00","dateModified":"2024-08-27T10:04:45+00:00","breadcrumb":{"@id":"https:\/\/sinilinnukeskus.ee\/?page_id=500#breadcrumb"},"inLanguage":"et","potentialAction":[{"@type":"ReadAction","target":["https:\/\/sinilinnukeskus.ee\/?page_id=500"]}]},{"@type":"BreadcrumbList","@id":"https:\/\/sinilinnukeskus.ee\/?page_id=500#breadcrumb","itemListElement":[{"@type":"ListItem","position":1,"name":"Home","item":"https:\/\/sinilinnukeskus.ee\/"},{"@type":"ListItem","position":2,"name":"Iga kuine P\u00f5lvamaa Puuetega Inimeste Koda Perep\u00e4ev"}]},{"@type":"WebSite","@id":"https:\/\/sinilinnukeskus.ee\/#website","url":"https:\/\/sinilinnukeskus.ee\/","name":"Sinilinnu P\u00e4evakeskus","description":"Pesa erilistele inimestele!","publisher":{"@id":"https:\/\/sinilinnukeskus.ee\/#organization"},"potentialAction":[{"@type":"SearchAction","target":{"@type":"EntryPoint","urlTemplate":"https:\/\/sinilinnukeskus.ee\/?s={search_term_string}"},"query-input":"required name=search_term_string"}],"inLanguage":"et"},{"@type":"Organization","@id":"https:\/\/sinilinnukeskus.ee\/#organization","name":"Sinilinnu P\u00e4evakeskus","url":"https:\/\/sinilinnukeskus.ee\/","logo":{"@type":"ImageObject","inLanguage":"et","@id":"https:\/\/sinilinnukeskus.ee\/#\/schema\/logo\/image\/","url":"https:\/\/sinilinnukeskus.ee\/wp-content\/uploads\/2023\/08\/cropped-347582059_748069043770774_4850634586322964706_n-1.jpg","contentUrl":"https:\/\/sinilinnukeskus.ee\/wp-content\/uploads\/2023\/08\/cropped-347582059_748069043770774_4850634586322964706_n-1.jpg","width":452,"height":291,"caption":"Sinilinnu P\u00e4evakeskus"},"image":{"@id":"https:\/\/sinilinnukeskus.ee\/#\/schema\/logo\/image\/"}}]}},"uagb_featured_image_src":{"full":false,"thumbnail":false,"medium":false,"medium_large":false,"large":false,"1536x1536":false,"2048x2048":false,"nonprofit_post":false,"nonprofit_slider":false,"woocommerce_thumbnail":false,"woocommerce_single":false,"woocommerce_gallery_thumbnail":false},"uagb_author_info":{"display_name":"Sinilinnu P\u00e4evakeskus","author_link":"https:\/\/sinilinnukeskus.ee\/?author=1"},"uagb_comment_info":0,"uagb_excerpt":"Vahel \u00fchest \u00fcritusest kujuneb sari. Sai korraldatud Tartu \u00dclikooli P\u00e4rnu kolled\u017e teise kursuse sotsiaalt\u00f6\u00f6- ja rehabilitatsiooni korralduse tudengitega \u00fcks vahva P\u00d5LVAMAA PUUETEGA INIMESTE PEREP\u00c4EV P\u00f5lvamaa","_links":{"self":[{"href":"https:\/\/sinilinnukeskus.ee\/index.php?rest_route=\/wp\/v2\/pages\/500","targetHints":{"allow":["GET"]}}],"collection":[{"href":"https:\/\/sinilinnukeskus.ee\/index.php?rest_route=\/wp\/v2\/pages"}],"about":[{"href":"https:\/\/sinilinnukeskus.ee\/index.php?rest_route=\/wp\/v2\/types\/page"}],"author":[{"embeddable":true,"href":"https:\/\/sinilinnukeskus.ee\/index.php?rest_route=\/wp\/v2\/users\/1"}],"replies":[{"embeddable":true,"href":"https:\/\/sinilinnukeskus.ee\/index.php?rest_route=%2Fwp%2Fv2%2Fcomments&post=500"}],"version-history":[{"count":2,"href":"https:\/\/sinilinnukeskus.ee\/index.php?rest_route=\/wp\/v2\/pages\/500\/revisions"}],"predecessor-version":[{"id":507,"href":"https:\/\/sinilinnukeskus.ee\/index.php?rest_route=\/wp\/v2\/pages\/500\/revisions\/507"}],"wp:attachment":[{"href":"https:\/\/sinilinnukeskus.ee\/index.php?rest_route=%2Fwp%2Fv2%2Fmedia&parent=500"}],"curies":[{"name":"wp","href":"https:\/\/api.w.org\/{rel}","templated":true}]}}