{"id":486,"date":"2024-08-27T12:12:14","date_gmt":"2024-08-27T09:12:14","guid":{"rendered":"https:\/\/sinilinnukeskus.ee\/?page_id=486"},"modified":"2024-08-27T13:03:40","modified_gmt":"2024-08-27T10:03:40","slug":"uritused","status":"publish","type":"page","link":"https:\/\/sinilinnukeskus.ee\/?page_id=486","title":{"rendered":"\u00dcritused"},"content":{"rendered":"\n<p>Tere,<\/p>\n\n\n\n<p>Siit leiate infot nii suurtematest kui v\u00e4iksematest \u00fcritustest!<\/p>\n\n\n\n<ul class=\"wp-block-list\">\n<li><a href=\"https:\/\/sinilinnukeskus.ee\/?page_id=500\">Iga kuine P\u00f5lvamaa Puuetega Inimeste Koda Perep\u00e4ev<\/a><\/li>\n<\/ul>\n\n\n\n<ul class=\"wp-block-list\">\n<li><a href=\"https:\/\/sinilinnukeskus.ee\/?page_id=482\">Perep\u00e4ev R\u00e4pina Staadionil ja Noortekeskuses 20 August 2024<\/a><\/li>\n<\/ul>\n\n\n\n<p><\/p>\n","protected":false},"excerpt":{"rendered":"<p>Tere, Siit leiate infot nii suurtematest kui v\u00e4iksematest \u00fcritustest!<\/p>\n","protected":false},"author":1,"featured_media":0,"parent":0,"menu_order":0,"comment_status":"closed","ping_status":"closed","template":"","meta":{"_uag_custom_page_level_css":"","footnotes":""},"class_list":["post-486","page","type-page","status-publish","hentry"],"yoast_head":"<!-- This site is optimized with the Yoast SEO plugin v20.12 - https:\/\/yoast.com\/wordpress\/plugins\/seo\/ -->\n<title>\u00dcritused - Sinilinnu P\u00e4evakeskus<\/title>\n<meta name=\"robots\" content=\"index, follow, max-snippet:-1, max-image-preview:large, max-video-preview:-1\" \/>\n<link rel=\"canonical\" href=\"https:\/\/sinilinnukeskus.ee\/?page_id=486\" \/>\n<meta property=\"og:locale\" content=\"et_EE\" \/>\n<meta property=\"og:type\" content=\"article\" \/>\n<meta property=\"og:title\" content=\"\u00dcritused - Sinilinnu P\u00e4evakeskus\" \/>\n<meta property=\"og:description\" content=\"Tere, Siit leiate infot nii suurtematest kui v\u00e4iksematest \u00fcritustest!\" \/>\n<meta property=\"og:url\" content=\"https:\/\/sinilinnukeskus.ee\/?page_id=486\" \/>\n<meta property=\"og:site_name\" content=\"Sinilinnu P\u00e4evakeskus\" \/>\n<meta property=\"article:modified_time\" content=\"2024-08-27T10:03:40+00:00\" \/>\n<meta name=\"twitter:card\" content=\"summary_large_image\" \/>\n<meta name=\"twitter:label1\" content=\"Est. reading time\" \/>\n\t<meta name=\"twitter:data1\" content=\"1 minut\" \/>\n<script type=\"application\/ld+json\" class=\"yoast-schema-graph\">{\"@context\":\"https:\/\/schema.org\",\"@graph\":[{\"@type\":\"WebPage\",\"@id\":\"https:\/\/sinilinnukeskus.ee\/?page_id=486\",\"url\":\"https:\/\/sinilinnukeskus.ee\/?page_id=486\",\"name\":\"\u00dcritused - Sinilinnu P\u00e4evakeskus\",\"isPartOf\":{\"@id\":\"https:\/\/sinilinnukeskus.ee\/#website\"},\"datePublished\":\"2024-08-27T09:12:14+00:00\",\"dateModified\":\"2024-08-27T10:03:40+00:00\",\"breadcrumb\":{\"@id\":\"https:\/\/sinilinnukeskus.ee\/?page_id=486#breadcrumb\"},\"inLanguage\":\"et\",\"potentialAction\":[{\"@type\":\"ReadAction\",\"target\":[\"https:\/\/sinilinnukeskus.ee\/?page_id=486\"]}]},{\"@type\":\"BreadcrumbList\",\"@id\":\"https:\/\/sinilinnukeskus.ee\/?page_id=486#breadcrumb\",\"itemListElement\":[{\"@type\":\"ListItem\",\"position\":1,\"name\":\"Home\",\"item\":\"https:\/\/sinilinnukeskus.ee\/\"},{\"@type\":\"ListItem\",\"position\":2,\"name\":\"\u00dcritused\"}]},{\"@type\":\"WebSite\",\"@id\":\"https:\/\/sinilinnukeskus.ee\/#website\",\"url\":\"https:\/\/sinilinnukeskus.ee\/\",\"name\":\"Sinilinnu P\u00e4evakeskus\",\"description\":\"Pesa erilistele inimestele!\",\"publisher\":{\"@id\":\"https:\/\/sinilinnukeskus.ee\/#organization\"},\"potentialAction\":[{\"@type\":\"SearchAction\",\"target\":{\"@type\":\"EntryPoint\",\"urlTemplate\":\"https:\/\/sinilinnukeskus.ee\/?s={search_term_string}\"},\"query-input\":\"required name=search_term_string\"}],\"inLanguage\":\"et\"},{\"@type\":\"Organization\",\"@id\":\"https:\/\/sinilinnukeskus.ee\/#organization\",\"name\":\"Sinilinnu P\u00e4evakeskus\",\"url\":\"https:\/\/sinilinnukeskus.ee\/\",\"logo\":{\"@type\":\"ImageObject\",\"inLanguage\":\"et\",\"@id\":\"https:\/\/sinilinnukeskus.ee\/#\/schema\/logo\/image\/\",\"url\":\"https:\/\/sinilinnukeskus.ee\/wp-content\/uploads\/2023\/08\/cropped-347582059_748069043770774_4850634586322964706_n-1.jpg\",\"contentUrl\":\"https:\/\/sinilinnukeskus.ee\/wp-content\/uploads\/2023\/08\/cropped-347582059_748069043770774_4850634586322964706_n-1.jpg\",\"width\":452,\"height\":291,\"caption\":\"Sinilinnu P\u00e4evakeskus\"},\"image\":{\"@id\":\"https:\/\/sinilinnukeskus.ee\/#\/schema\/logo\/image\/\"}}]}<\/script>\n<!-- \/ Yoast SEO plugin. -->","yoast_head_json":{"title":"\u00dcritused - Sinilinnu P\u00e4evakeskus","robots":{"index":"index","follow":"follow","max-snippet":"max-snippet:-1","max-image-preview":"max-image-preview:large","max-video-preview":"max-video-preview:-1"},"canonical":"https:\/\/sinilinnukeskus.ee\/?page_id=486","og_locale":"et_EE","og_type":"article","og_title":"\u00dcritused - Sinilinnu P\u00e4evakeskus","og_description":"Tere, Siit leiate infot nii suurtematest kui v\u00e4iksematest \u00fcritustest!","og_url":"https:\/\/sinilinnukeskus.ee\/?page_id=486","og_site_name":"Sinilinnu P\u00e4evakeskus","article_modified_time":"2024-08-27T10:03:40+00:00","twitter_card":"summary_large_image","twitter_misc":{"Est. reading time":"1 minut"},"schema":{"@context":"https:\/\/schema.org","@graph":[{"@type":"WebPage","@id":"https:\/\/sinilinnukeskus.ee\/?page_id=486","url":"https:\/\/sinilinnukeskus.ee\/?page_id=486","name":"\u00dcritused - Sinilinnu P\u00e4evakeskus","isPartOf":{"@id":"https:\/\/sinilinnukeskus.ee\/#website"},"datePublished":"2024-08-27T09:12:14+00:00","dateModified":"2024-08-27T10:03:40+00:00","breadcrumb":{"@id":"https:\/\/sinilinnukeskus.ee\/?page_id=486#breadcrumb"},"inLanguage":"et","potentialAction":[{"@type":"ReadAction","target":["https:\/\/sinilinnukeskus.ee\/?page_id=486"]}]},{"@type":"BreadcrumbList","@id":"https:\/\/sinilinnukeskus.ee\/?page_id=486#breadcrumb","itemListElement":[{"@type":"ListItem","position":1,"name":"Home","item":"https:\/\/sinilinnukeskus.ee\/"},{"@type":"ListItem","position":2,"name":"\u00dcritused"}]},{"@type":"WebSite","@id":"https:\/\/sinilinnukeskus.ee\/#website","url":"https:\/\/sinilinnukeskus.ee\/","name":"Sinilinnu P\u00e4evakeskus","description":"Pesa erilistele inimestele!","publisher":{"@id":"https:\/\/sinilinnukeskus.ee\/#organization"},"potentialAction":[{"@type":"SearchAction","target":{"@type":"EntryPoint","urlTemplate":"https:\/\/sinilinnukeskus.ee\/?s={search_term_string}"},"query-input":"required name=search_term_string"}],"inLanguage":"et"},{"@type":"Organization","@id":"https:\/\/sinilinnukeskus.ee\/#organization","name":"Sinilinnu P\u00e4evakeskus","url":"https:\/\/sinilinnukeskus.ee\/","logo":{"@type":"ImageObject","inLanguage":"et","@id":"https:\/\/sinilinnukeskus.ee\/#\/schema\/logo\/image\/","url":"https:\/\/sinilinnukeskus.ee\/wp-content\/uploads\/2023\/08\/cropped-347582059_748069043770774_4850634586322964706_n-1.jpg","contentUrl":"https:\/\/sinilinnukeskus.ee\/wp-content\/uploads\/2023\/08\/cropped-347582059_748069043770774_4850634586322964706_n-1.jpg","width":452,"height":291,"caption":"Sinilinnu P\u00e4evakeskus"},"image":{"@id":"https:\/\/sinilinnukeskus.ee\/#\/schema\/logo\/image\/"}}]}},"uagb_featured_image_src":{"full":false,"thumbnail":false,"medium":false,"medium_large":false,"large":false,"1536x1536":false,"2048x2048":false,"nonprofit_post":false,"nonprofit_slider":false,"woocommerce_thumbnail":false,"woocommerce_single":false,"woocommerce_gallery_thumbnail":false},"uagb_author_info":{"display_name":"Sinilinnu P\u00e4evakeskus","author_link":"https:\/\/sinilinnukeskus.ee\/?author=1"},"uagb_comment_info":0,"uagb_excerpt":"Tere, Siit leiate infot nii suurtematest kui v\u00e4iksematest \u00fcritustest!","_links":{"self":[{"href":"https:\/\/sinilinnukeskus.ee\/index.php?rest_route=\/wp\/v2\/pages\/486","targetHints":{"allow":["GET"]}}],"collection":[{"href":"https:\/\/sinilinnukeskus.ee\/index.php?rest_route=\/wp\/v2\/pages"}],"about":[{"href":"https:\/\/sinilinnukeskus.ee\/index.php?rest_route=\/wp\/v2\/types\/page"}],"author":[{"embeddable":true,"href":"https:\/\/sinilinnukeskus.ee\/index.php?rest_route=\/wp\/v2\/users\/1"}],"replies":[{"embeddable":true,"href":"https:\/\/sinilinnukeskus.ee\/index.php?rest_route=%2Fwp%2Fv2%2Fcomments&post=486"}],"version-history":[{"count":5,"href":"https:\/\/sinilinnukeskus.ee\/index.php?rest_route=\/wp\/v2\/pages\/486\/revisions"}],"predecessor-version":[{"id":505,"href":"https:\/\/sinilinnukeskus.ee\/index.php?rest_route=\/wp\/v2\/pages\/486\/revisions\/505"}],"wp:attachment":[{"href":"https:\/\/sinilinnukeskus.ee\/index.php?rest_route=%2Fwp%2Fv2%2Fmedia&parent=486"}],"curies":[{"name":"wp","href":"https:\/\/api.w.org\/{rel}","templated":true}]}}