{"id":482,"date":"2024-08-27T12:06:28","date_gmt":"2024-08-27T09:06:28","guid":{"rendered":"https:\/\/sinilinnukeskus.ee\/?page_id=482"},"modified":"2024-08-27T12:06:28","modified_gmt":"2024-08-27T09:06:28","slug":"perepaev-rapina-staadionil-ja-noortekeskuses","status":"publish","type":"page","link":"https:\/\/sinilinnukeskus.ee\/?page_id=482","title":{"rendered":"Perep\u00e4ev R\u00e4pina Staadionil ja Noortekeskuses"},"content":{"rendered":"\n<p>Kallid <a href=\"https:\/\/www.facebook.com\/events\/521183440488706\/?__cft__[0]=AZXl5ezVmtcBnjsPvPjlDeezF0Eyd2BNF2np-gKNRnz9U3wai1SHmo_nathcBGLkb3QjxNUnOE4GAJzhp_H51vKldkm7hV3zyz3rzmDY3l9BGAQxV_McBMMZ5lKzhaKvvSTNo1iMLmLGwSvF-SiPOXnBZhRlp6RreC4uZkAnmPNdB9o_KqTho6JknZT0WGsdF-3o8FY69cxDNKQoud1bcuJX&amp;__tn__=-UK-R\">Perep\u00e4ev R\u00e4pina noortekeskuses ja staadionil<\/a> osalejad,nii k\u00fclalised kui ka vabatahtlikud!<\/p>\n\n\n\n<p>Loodame, et teil oli sama tore kui meil<img loading=\"lazy\" decoding=\"async\" height=\"16\" width=\"16\" alt=\"\ud83d\ude09\" src=\"https:\/\/static.xx.fbcdn.net\/images\/emoji.php\/v9\/t57\/1\/16\/1f609.png\"><\/p>\n\n\n\n<p>Perep\u00e4eval laste tehtud k\u00e4sit\u00f6\u00f6seebid Ukraina s\u00f5pradele \u00fcle antud <a href=\"https:\/\/www.facebook.com\/rapinaloomemaja?__cft__[0]=AZXl5ezVmtcBnjsPvPjlDeezF0Eyd2BNF2np-gKNRnz9U3wai1SHmo_nathcBGLkb3QjxNUnOE4GAJzhp_H51vKldkm7hV3zyz3rzmDY3l9BGAQxV_McBMMZ5lKzhaKvvSTNo1iMLmLGwSvF-SiPOXnBZhRlp6RreC4uZkAnmPNdB9o_KqTho6JknZT0WGsdF-3o8FY69cxDNKQoud1bcuJX&amp;__tn__=-]K-R\">R\u00e4pina loomemaja<\/a> Leo k\u00e4tte ja <a href=\"https:\/\/www.facebook.com\/lastefond?__cft__[0]=AZXl5ezVmtcBnjsPvPjlDeezF0Eyd2BNF2np-gKNRnz9U3wai1SHmo_nathcBGLkb3QjxNUnOE4GAJzhp_H51vKldkm7hV3zyz3rzmDY3l9BGAQxV_McBMMZ5lKzhaKvvSTNo1iMLmLGwSvF-SiPOXnBZhRlp6RreC4uZkAnmPNdB9o_KqTho6JknZT0WGsdF-3o8FY69cxDNKQoud1bcuJX&amp;__tn__=-]K-R\">SA Tartu \u00dclikooli Kliinikumi Lastefond<\/a>ile liigub m\u00fc\u00fcgitulu neljap\u00e4eval edasi Sander-Lucase toetuseks<\/p>\n\n\n\n<p><a href=\"https:\/\/www.facebook.com\/rapinanoortekeskus?__cft__[0]=AZXl5ezVmtcBnjsPvPjlDeezF0Eyd2BNF2np-gKNRnz9U3wai1SHmo_nathcBGLkb3QjxNUnOE4GAJzhp_H51vKldkm7hV3zyz3rzmDY3l9BGAQxV_McBMMZ5lKzhaKvvSTNo1iMLmLGwSvF-SiPOXnBZhRlp6RreC4uZkAnmPNdB9o_KqTho6JknZT0WGsdF-3o8FY69cxDNKQoud1bcuJX&amp;__tn__=-]K-R\">R\u00e4pina Noortekeskus<\/a> ja <a href=\"https:\/\/www.facebook.com\/profile.php?id=100093045031232&amp;__cft__[0]=AZXl5ezVmtcBnjsPvPjlDeezF0Eyd2BNF2np-gKNRnz9U3wai1SHmo_nathcBGLkb3QjxNUnOE4GAJzhp_H51vKldkm7hV3zyz3rzmDY3l9BGAQxV_McBMMZ5lKzhaKvvSTNo1iMLmLGwSvF-SiPOXnBZhRlp6RreC4uZkAnmPNdB9o_KqTho6JknZT0WGsdF-3o8FY69cxDNKQoud1bcuJX&amp;__tn__=-]K-R\">Sinilinnu p\u00e4evakeskus<\/a> on Teile osalemise eest v\u00e4ga t\u00e4nulikud!<\/p>\n\n\n\n<figure class=\"wp-block-image size-large\"><img loading=\"lazy\" decoding=\"async\" width=\"1024\" height=\"724\" src=\"https:\/\/sinilinnukeskus.ee\/wp-content\/uploads\/2024\/08\/456249804_394954970282668_8009598304078186072_n-1024x724.jpg\" alt=\"\" class=\"wp-image-483\" srcset=\"https:\/\/sinilinnukeskus.ee\/wp-content\/uploads\/2024\/08\/456249804_394954970282668_8009598304078186072_n-1024x724.jpg 1024w, https:\/\/sinilinnukeskus.ee\/wp-content\/uploads\/2024\/08\/456249804_394954970282668_8009598304078186072_n-300x212.jpg 300w, https:\/\/sinilinnukeskus.ee\/wp-content\/uploads\/2024\/08\/456249804_394954970282668_8009598304078186072_n-768x543.jpg 768w, https:\/\/sinilinnukeskus.ee\/wp-content\/uploads\/2024\/08\/456249804_394954970282668_8009598304078186072_n-1536x1086.jpg 1536w, https:\/\/sinilinnukeskus.ee\/wp-content\/uploads\/2024\/08\/456249804_394954970282668_8009598304078186072_n-560x396.jpg 560w, https:\/\/sinilinnukeskus.ee\/wp-content\/uploads\/2024\/08\/456249804_394954970282668_8009598304078186072_n-600x424.jpg 600w, https:\/\/sinilinnukeskus.ee\/wp-content\/uploads\/2024\/08\/456249804_394954970282668_8009598304078186072_n.jpg 2000w\" sizes=\"auto, (max-width: 1024px) 100vw, 1024px\" \/><\/figure>\n","protected":false},"excerpt":{"rendered":"<p>Kallid Perep\u00e4ev R\u00e4pina noortekeskuses ja staadionil osalejad,nii k\u00fclalised kui ka vabatahtlikud! Loodame, et teil oli sama tore kui meil Perep\u00e4eval laste tehtud k\u00e4sit\u00f6\u00f6seebid Ukraina s\u00f5pradele<\/p>\n","protected":false},"author":1,"featured_media":0,"parent":0,"menu_order":0,"comment_status":"closed","ping_status":"closed","template":"","meta":{"_uag_custom_page_level_css":"","footnotes":""},"class_list":["post-482","page","type-page","status-publish","hentry"],"yoast_head":"<!-- This site is optimized with the Yoast SEO plugin v20.12 - https:\/\/yoast.com\/wordpress\/plugins\/seo\/ -->\n<title>Perep\u00e4ev R\u00e4pina Staadionil ja Noortekeskuses - Sinilinnu P\u00e4evakeskus<\/title>\n<meta name=\"robots\" content=\"index, follow, max-snippet:-1, max-image-preview:large, max-video-preview:-1\" \/>\n<link rel=\"canonical\" href=\"https:\/\/sinilinnukeskus.ee\/?page_id=482\" \/>\n<meta property=\"og:locale\" content=\"et_EE\" \/>\n<meta property=\"og:type\" content=\"article\" \/>\n<meta property=\"og:title\" content=\"Perep\u00e4ev R\u00e4pina Staadionil ja Noortekeskuses - Sinilinnu P\u00e4evakeskus\" \/>\n<meta property=\"og:description\" content=\"Kallid Perep\u00e4ev R\u00e4pina noortekeskuses ja staadionil osalejad,nii k\u00fclalised kui ka vabatahtlikud! Loodame, et teil oli sama tore kui meil Perep\u00e4eval laste tehtud k\u00e4sit\u00f6\u00f6seebid Ukraina s\u00f5pradele\" \/>\n<meta property=\"og:url\" content=\"https:\/\/sinilinnukeskus.ee\/?page_id=482\" \/>\n<meta property=\"og:site_name\" content=\"Sinilinnu P\u00e4evakeskus\" \/>\n<meta property=\"og:image\" content=\"https:\/\/static.xx.fbcdn.net\/images\/emoji.php\/v9\/t57\/1\/16\/1f609.png\" \/>\n<meta name=\"twitter:card\" content=\"summary_large_image\" \/>\n<meta name=\"twitter:label1\" content=\"Est. reading time\" \/>\n\t<meta name=\"twitter:data1\" content=\"1 minut\" \/>\n<script type=\"application\/ld+json\" class=\"yoast-schema-graph\">{\"@context\":\"https:\/\/schema.org\",\"@graph\":[{\"@type\":\"WebPage\",\"@id\":\"https:\/\/sinilinnukeskus.ee\/?page_id=482\",\"url\":\"https:\/\/sinilinnukeskus.ee\/?page_id=482\",\"name\":\"Perep\u00e4ev R\u00e4pina Staadionil ja Noortekeskuses - Sinilinnu P\u00e4evakeskus\",\"isPartOf\":{\"@id\":\"https:\/\/sinilinnukeskus.ee\/#website\"},\"datePublished\":\"2024-08-27T09:06:28+00:00\",\"dateModified\":\"2024-08-27T09:06:28+00:00\",\"breadcrumb\":{\"@id\":\"https:\/\/sinilinnukeskus.ee\/?page_id=482#breadcrumb\"},\"inLanguage\":\"et\",\"potentialAction\":[{\"@type\":\"ReadAction\",\"target\":[\"https:\/\/sinilinnukeskus.ee\/?page_id=482\"]}]},{\"@type\":\"BreadcrumbList\",\"@id\":\"https:\/\/sinilinnukeskus.ee\/?page_id=482#breadcrumb\",\"itemListElement\":[{\"@type\":\"ListItem\",\"position\":1,\"name\":\"Home\",\"item\":\"https:\/\/sinilinnukeskus.ee\/\"},{\"@type\":\"ListItem\",\"position\":2,\"name\":\"Perep\u00e4ev R\u00e4pina Staadionil ja Noortekeskuses\"}]},{\"@type\":\"WebSite\",\"@id\":\"https:\/\/sinilinnukeskus.ee\/#website\",\"url\":\"https:\/\/sinilinnukeskus.ee\/\",\"name\":\"Sinilinnu P\u00e4evakeskus\",\"description\":\"Pesa erilistele inimestele!\",\"publisher\":{\"@id\":\"https:\/\/sinilinnukeskus.ee\/#organization\"},\"potentialAction\":[{\"@type\":\"SearchAction\",\"target\":{\"@type\":\"EntryPoint\",\"urlTemplate\":\"https:\/\/sinilinnukeskus.ee\/?s={search_term_string}\"},\"query-input\":\"required name=search_term_string\"}],\"inLanguage\":\"et\"},{\"@type\":\"Organization\",\"@id\":\"https:\/\/sinilinnukeskus.ee\/#organization\",\"name\":\"Sinilinnu P\u00e4evakeskus\",\"url\":\"https:\/\/sinilinnukeskus.ee\/\",\"logo\":{\"@type\":\"ImageObject\",\"inLanguage\":\"et\",\"@id\":\"https:\/\/sinilinnukeskus.ee\/#\/schema\/logo\/image\/\",\"url\":\"https:\/\/sinilinnukeskus.ee\/wp-content\/uploads\/2023\/08\/cropped-347582059_748069043770774_4850634586322964706_n-1.jpg\",\"contentUrl\":\"https:\/\/sinilinnukeskus.ee\/wp-content\/uploads\/2023\/08\/cropped-347582059_748069043770774_4850634586322964706_n-1.jpg\",\"width\":452,\"height\":291,\"caption\":\"Sinilinnu P\u00e4evakeskus\"},\"image\":{\"@id\":\"https:\/\/sinilinnukeskus.ee\/#\/schema\/logo\/image\/\"}}]}<\/script>\n<!-- \/ Yoast SEO plugin. -->","yoast_head_json":{"title":"Perep\u00e4ev R\u00e4pina Staadionil ja Noortekeskuses - Sinilinnu P\u00e4evakeskus","robots":{"index":"index","follow":"follow","max-snippet":"max-snippet:-1","max-image-preview":"max-image-preview:large","max-video-preview":"max-video-preview:-1"},"canonical":"https:\/\/sinilinnukeskus.ee\/?page_id=482","og_locale":"et_EE","og_type":"article","og_title":"Perep\u00e4ev R\u00e4pina Staadionil ja Noortekeskuses - Sinilinnu P\u00e4evakeskus","og_description":"Kallid Perep\u00e4ev R\u00e4pina noortekeskuses ja staadionil osalejad,nii k\u00fclalised kui ka vabatahtlikud! Loodame, et teil oli sama tore kui meil Perep\u00e4eval laste tehtud k\u00e4sit\u00f6\u00f6seebid Ukraina s\u00f5pradele","og_url":"https:\/\/sinilinnukeskus.ee\/?page_id=482","og_site_name":"Sinilinnu P\u00e4evakeskus","og_image":[{"url":"https:\/\/static.xx.fbcdn.net\/images\/emoji.php\/v9\/t57\/1\/16\/1f609.png"}],"twitter_card":"summary_large_image","twitter_misc":{"Est. reading time":"1 minut"},"schema":{"@context":"https:\/\/schema.org","@graph":[{"@type":"WebPage","@id":"https:\/\/sinilinnukeskus.ee\/?page_id=482","url":"https:\/\/sinilinnukeskus.ee\/?page_id=482","name":"Perep\u00e4ev R\u00e4pina Staadionil ja Noortekeskuses - Sinilinnu P\u00e4evakeskus","isPartOf":{"@id":"https:\/\/sinilinnukeskus.ee\/#website"},"datePublished":"2024-08-27T09:06:28+00:00","dateModified":"2024-08-27T09:06:28+00:00","breadcrumb":{"@id":"https:\/\/sinilinnukeskus.ee\/?page_id=482#breadcrumb"},"inLanguage":"et","potentialAction":[{"@type":"ReadAction","target":["https:\/\/sinilinnukeskus.ee\/?page_id=482"]}]},{"@type":"BreadcrumbList","@id":"https:\/\/sinilinnukeskus.ee\/?page_id=482#breadcrumb","itemListElement":[{"@type":"ListItem","position":1,"name":"Home","item":"https:\/\/sinilinnukeskus.ee\/"},{"@type":"ListItem","position":2,"name":"Perep\u00e4ev R\u00e4pina Staadionil ja Noortekeskuses"}]},{"@type":"WebSite","@id":"https:\/\/sinilinnukeskus.ee\/#website","url":"https:\/\/sinilinnukeskus.ee\/","name":"Sinilinnu P\u00e4evakeskus","description":"Pesa erilistele inimestele!","publisher":{"@id":"https:\/\/sinilinnukeskus.ee\/#organization"},"potentialAction":[{"@type":"SearchAction","target":{"@type":"EntryPoint","urlTemplate":"https:\/\/sinilinnukeskus.ee\/?s={search_term_string}"},"query-input":"required name=search_term_string"}],"inLanguage":"et"},{"@type":"Organization","@id":"https:\/\/sinilinnukeskus.ee\/#organization","name":"Sinilinnu P\u00e4evakeskus","url":"https:\/\/sinilinnukeskus.ee\/","logo":{"@type":"ImageObject","inLanguage":"et","@id":"https:\/\/sinilinnukeskus.ee\/#\/schema\/logo\/image\/","url":"https:\/\/sinilinnukeskus.ee\/wp-content\/uploads\/2023\/08\/cropped-347582059_748069043770774_4850634586322964706_n-1.jpg","contentUrl":"https:\/\/sinilinnukeskus.ee\/wp-content\/uploads\/2023\/08\/cropped-347582059_748069043770774_4850634586322964706_n-1.jpg","width":452,"height":291,"caption":"Sinilinnu P\u00e4evakeskus"},"image":{"@id":"https:\/\/sinilinnukeskus.ee\/#\/schema\/logo\/image\/"}}]}},"uagb_featured_image_src":{"full":false,"thumbnail":false,"medium":false,"medium_large":false,"large":false,"1536x1536":false,"2048x2048":false,"nonprofit_post":false,"nonprofit_slider":false,"woocommerce_thumbnail":false,"woocommerce_single":false,"woocommerce_gallery_thumbnail":false},"uagb_author_info":{"display_name":"Sinilinnu P\u00e4evakeskus","author_link":"https:\/\/sinilinnukeskus.ee\/?author=1"},"uagb_comment_info":0,"uagb_excerpt":"Kallid Perep\u00e4ev R\u00e4pina noortekeskuses ja staadionil osalejad,nii k\u00fclalised kui ka vabatahtlikud! Loodame, et teil oli sama tore kui meil Perep\u00e4eval laste tehtud k\u00e4sit\u00f6\u00f6seebid Ukraina s\u00f5pradele","_links":{"self":[{"href":"https:\/\/sinilinnukeskus.ee\/index.php?rest_route=\/wp\/v2\/pages\/482","targetHints":{"allow":["GET"]}}],"collection":[{"href":"https:\/\/sinilinnukeskus.ee\/index.php?rest_route=\/wp\/v2\/pages"}],"about":[{"href":"https:\/\/sinilinnukeskus.ee\/index.php?rest_route=\/wp\/v2\/types\/page"}],"author":[{"embeddable":true,"href":"https:\/\/sinilinnukeskus.ee\/index.php?rest_route=\/wp\/v2\/users\/1"}],"replies":[{"embeddable":true,"href":"https:\/\/sinilinnukeskus.ee\/index.php?rest_route=%2Fwp%2Fv2%2Fcomments&post=482"}],"version-history":[{"count":1,"href":"https:\/\/sinilinnukeskus.ee\/index.php?rest_route=\/wp\/v2\/pages\/482\/revisions"}],"predecessor-version":[{"id":484,"href":"https:\/\/sinilinnukeskus.ee\/index.php?rest_route=\/wp\/v2\/pages\/482\/revisions\/484"}],"wp:attachment":[{"href":"https:\/\/sinilinnukeskus.ee\/index.php?rest_route=%2Fwp%2Fv2%2Fmedia&parent=482"}],"curies":[{"name":"wp","href":"https:\/\/api.w.org\/{rel}","templated":true}]}}