{"id":48,"date":"2023-08-03T14:12:31","date_gmt":"2023-08-03T14:12:31","guid":{"rendered":"https:\/\/www.sinilinnukeskus.ee\/?page_id=48"},"modified":"2023-12-04T12:43:38","modified_gmt":"2023-12-04T10:43:38","slug":"discgolf","status":"publish","type":"page","link":"https:\/\/sinilinnukeskus.ee\/?page_id=48","title":{"rendered":"Discgolf"},"content":{"rendered":"\n<p>T\u00e4nu Eesti Paral\u00fcmpiakomitee Liikumisaasta 2023 raames antud projektitoetusele saime 2023 aastal perioodil juuni &#8211; oktoober l\u00e4bi viidud kokku \u00fcksteist meeleolukat kettagolfi \u00f5htutundi. <\/p>\n\n\n\n<p>\u00d5htutundides osaleti kokku 120 korral, p\u00fcsivalt k\u00e4is ringides 7 inimest. <\/p>\n\n\n\n<p>Esimese trenni tegime prooviks R\u00e4pina Lasteaia Sipsikute r\u00fchma mudilastele. R\u00f5\u00f5mu oli palju ja jutuainet jagus mitmeks p\u00e4evaks \ud83d\ude42 <\/p>\n\n\n\n<p>Discgolfi \u00f5htutundidega planeerime j\u00e4tkata juba 2024 a mais, et m\u00e4ngur\u00f5\u00f5mu pakkuda ka toetamist vajavatele m\u00e4nguhuvilistele, kes soovivad \u00fcheskoos oma vaimset ja f\u00fc\u00fcsilist tervist turgutada. <\/p>\n\n\n\n<div class=\"wp-block-uagb-image uagb-block-efa31abd wp-block-uagb-image--layout-default wp-block-uagb-image--effect-static wp-block-uagb-image--align-none\"><figure class=\"wp-block-uagb-image__figure\"><img decoding=\"async\" srcset=\"https:\/\/www.sinilinnukeskus.ee\/wp-content\/uploads\/2023\/10\/349854904_125325617245606_4772843869783724767_n-1024x768.jpg \" sizes=\"auto, (max-width: 480px) 150px\" src=\"https:\/\/www.sinilinnukeskus.ee\/wp-content\/uploads\/2023\/10\/349854904_125325617245606_4772843869783724767_n-1024x768.jpg\" alt=\"\" class=\"uag-image-265\" width=\"1920\" height=\"1440\" title=\"\" loading=\"lazy\"\/><\/figure><\/div>\n\n\n\n<div class=\"wp-block-uagb-image uagb-block-3bc31d04 wp-block-uagb-image--layout-default wp-block-uagb-image--effect-static wp-block-uagb-image--align-none\"><figure class=\"wp-block-uagb-image__figure\"><img decoding=\"async\" srcset=\"https:\/\/www.sinilinnukeskus.ee\/wp-content\/uploads\/2023\/10\/364636576_158531203925047_5194661458862640944_n-edited-1.jpg \" sizes=\"auto, (max-width: 480px) 150px\" src=\"https:\/\/www.sinilinnukeskus.ee\/wp-content\/uploads\/2023\/10\/364636576_158531203925047_5194661458862640944_n-edited-1.jpg\" alt=\"\" class=\"uag-image-363\" width=\"1007\" height=\"1476\" title=\"\" loading=\"lazy\"\/><\/figure><\/div>\n\n\n\n<figure class=\"wp-block-image size-large\"><img loading=\"lazy\" decoding=\"async\" width=\"771\" height=\"1024\" src=\"https:\/\/www.sinilinnukeskus.ee\/wp-content\/uploads\/2023\/12\/IMG20230918181815-771x1024.jpg\" alt=\"\" class=\"wp-image-415\" srcset=\"https:\/\/sinilinnukeskus.ee\/wp-content\/uploads\/2023\/12\/IMG20230918181815-771x1024.jpg 771w, https:\/\/sinilinnukeskus.ee\/wp-content\/uploads\/2023\/12\/IMG20230918181815-226x300.jpg 226w, https:\/\/sinilinnukeskus.ee\/wp-content\/uploads\/2023\/12\/IMG20230918181815-768x1020.jpg 768w, https:\/\/sinilinnukeskus.ee\/wp-content\/uploads\/2023\/12\/IMG20230918181815-1157x1536.jpg 1157w, https:\/\/sinilinnukeskus.ee\/wp-content\/uploads\/2023\/12\/IMG20230918181815-1542x2048.jpg 1542w, https:\/\/sinilinnukeskus.ee\/wp-content\/uploads\/2023\/12\/IMG20230918181815-560x744.jpg 560w, https:\/\/sinilinnukeskus.ee\/wp-content\/uploads\/2023\/12\/IMG20230918181815-600x797.jpg 600w, https:\/\/sinilinnukeskus.ee\/wp-content\/uploads\/2023\/12\/IMG20230918181815-scaled.jpg 1928w\" sizes=\"auto, (max-width: 771px) 100vw, 771px\" \/><\/figure>\n\n\n\n<figure class=\"wp-block-gallery has-nested-images columns-default is-cropped wp-block-gallery-1 is-layout-flex wp-block-gallery-is-layout-flex\">\n<figure class=\"wp-block-image size-large\"><img loading=\"lazy\" decoding=\"async\" width=\"1024\" height=\"461\" data-id=\"416\" src=\"https:\/\/www.sinilinnukeskus.ee\/wp-content\/uploads\/2023\/12\/1695803714138-1-1024x461.jpg\" alt=\"\" class=\"wp-image-416\" srcset=\"https:\/\/sinilinnukeskus.ee\/wp-content\/uploads\/2023\/12\/1695803714138-1-1024x461.jpg 1024w, https:\/\/sinilinnukeskus.ee\/wp-content\/uploads\/2023\/12\/1695803714138-1-300x135.jpg 300w, https:\/\/sinilinnukeskus.ee\/wp-content\/uploads\/2023\/12\/1695803714138-1-768x346.jpg 768w, https:\/\/sinilinnukeskus.ee\/wp-content\/uploads\/2023\/12\/1695803714138-1-1536x691.jpg 1536w, https:\/\/sinilinnukeskus.ee\/wp-content\/uploads\/2023\/12\/1695803714138-1-2048x922.jpg 2048w, https:\/\/sinilinnukeskus.ee\/wp-content\/uploads\/2023\/12\/1695803714138-1-560x252.jpg 560w, https:\/\/sinilinnukeskus.ee\/wp-content\/uploads\/2023\/12\/1695803714138-1-600x270.jpg 600w\" sizes=\"auto, (max-width: 1024px) 100vw, 1024px\" \/><\/figure>\n\n\n\n<figure class=\"wp-block-image size-large\"><img loading=\"lazy\" decoding=\"async\" width=\"771\" height=\"1024\" data-id=\"417\" src=\"https:\/\/www.sinilinnukeskus.ee\/wp-content\/uploads\/2023\/12\/IMG20230918180555-771x1024.jpg\" alt=\"\" class=\"wp-image-417\" srcset=\"https:\/\/sinilinnukeskus.ee\/wp-content\/uploads\/2023\/12\/IMG20230918180555-771x1024.jpg 771w, https:\/\/sinilinnukeskus.ee\/wp-content\/uploads\/2023\/12\/IMG20230918180555-226x300.jpg 226w, https:\/\/sinilinnukeskus.ee\/wp-content\/uploads\/2023\/12\/IMG20230918180555-768x1020.jpg 768w, https:\/\/sinilinnukeskus.ee\/wp-content\/uploads\/2023\/12\/IMG20230918180555-1157x1536.jpg 1157w, https:\/\/sinilinnukeskus.ee\/wp-content\/uploads\/2023\/12\/IMG20230918180555-1542x2048.jpg 1542w, https:\/\/sinilinnukeskus.ee\/wp-content\/uploads\/2023\/12\/IMG20230918180555-560x744.jpg 560w, https:\/\/sinilinnukeskus.ee\/wp-content\/uploads\/2023\/12\/IMG20230918180555-600x797.jpg 600w, https:\/\/sinilinnukeskus.ee\/wp-content\/uploads\/2023\/12\/IMG20230918180555-scaled.jpg 1928w\" sizes=\"auto, (max-width: 771px) 100vw, 771px\" \/><\/figure>\n\n\n\n<figure class=\"wp-block-image size-large\"><img loading=\"lazy\" decoding=\"async\" width=\"771\" height=\"1024\" data-id=\"418\" src=\"https:\/\/www.sinilinnukeskus.ee\/wp-content\/uploads\/2023\/12\/IMG20230918182947-771x1024.jpg\" alt=\"\" class=\"wp-image-418\" srcset=\"https:\/\/sinilinnukeskus.ee\/wp-content\/uploads\/2023\/12\/IMG20230918182947-771x1024.jpg 771w, https:\/\/sinilinnukeskus.ee\/wp-content\/uploads\/2023\/12\/IMG20230918182947-226x300.jpg 226w, https:\/\/sinilinnukeskus.ee\/wp-content\/uploads\/2023\/12\/IMG20230918182947-768x1020.jpg 768w, https:\/\/sinilinnukeskus.ee\/wp-content\/uploads\/2023\/12\/IMG20230918182947-1157x1536.jpg 1157w, https:\/\/sinilinnukeskus.ee\/wp-content\/uploads\/2023\/12\/IMG20230918182947-1542x2048.jpg 1542w, https:\/\/sinilinnukeskus.ee\/wp-content\/uploads\/2023\/12\/IMG20230918182947-560x744.jpg 560w, https:\/\/sinilinnukeskus.ee\/wp-content\/uploads\/2023\/12\/IMG20230918182947-600x797.jpg 600w, https:\/\/sinilinnukeskus.ee\/wp-content\/uploads\/2023\/12\/IMG20230918182947-scaled.jpg 1928w\" sizes=\"auto, (max-width: 771px) 100vw, 771px\" \/><\/figure>\n\n\n\n<figure class=\"wp-block-image size-large\"><img loading=\"lazy\" decoding=\"async\" width=\"771\" height=\"1024\" data-id=\"419\" src=\"https:\/\/www.sinilinnukeskus.ee\/wp-content\/uploads\/2023\/12\/IMG20230918184927-771x1024.jpg\" alt=\"\" class=\"wp-image-419\" srcset=\"https:\/\/sinilinnukeskus.ee\/wp-content\/uploads\/2023\/12\/IMG20230918184927-771x1024.jpg 771w, https:\/\/sinilinnukeskus.ee\/wp-content\/uploads\/2023\/12\/IMG20230918184927-226x300.jpg 226w, https:\/\/sinilinnukeskus.ee\/wp-content\/uploads\/2023\/12\/IMG20230918184927-768x1020.jpg 768w, https:\/\/sinilinnukeskus.ee\/wp-content\/uploads\/2023\/12\/IMG20230918184927-1157x1536.jpg 1157w, https:\/\/sinilinnukeskus.ee\/wp-content\/uploads\/2023\/12\/IMG20230918184927-1542x2048.jpg 1542w, https:\/\/sinilinnukeskus.ee\/wp-content\/uploads\/2023\/12\/IMG20230918184927-560x744.jpg 560w, https:\/\/sinilinnukeskus.ee\/wp-content\/uploads\/2023\/12\/IMG20230918184927-600x797.jpg 600w, https:\/\/sinilinnukeskus.ee\/wp-content\/uploads\/2023\/12\/IMG20230918184927-scaled.jpg 1928w\" sizes=\"auto, (max-width: 771px) 100vw, 771px\" \/><\/figure>\n<\/figure>\n\n\n\n<figure class=\"wp-block-gallery has-nested-images columns-default is-cropped wp-block-gallery-2 is-layout-flex wp-block-gallery-is-layout-flex\">\n<figure class=\"wp-block-image size-large\"><img loading=\"lazy\" decoding=\"async\" width=\"461\" height=\"1024\" data-id=\"420\" src=\"https:\/\/www.sinilinnukeskus.ee\/wp-content\/uploads\/2023\/12\/1698140129127-461x1024.jpg\" alt=\"\" class=\"wp-image-420\" srcset=\"https:\/\/sinilinnukeskus.ee\/wp-content\/uploads\/2023\/12\/1698140129127-461x1024.jpg 461w, https:\/\/sinilinnukeskus.ee\/wp-content\/uploads\/2023\/12\/1698140129127-135x300.jpg 135w, https:\/\/sinilinnukeskus.ee\/wp-content\/uploads\/2023\/12\/1698140129127-768x1707.jpg 768w, https:\/\/sinilinnukeskus.ee\/wp-content\/uploads\/2023\/12\/1698140129127-691x1536.jpg 691w, https:\/\/sinilinnukeskus.ee\/wp-content\/uploads\/2023\/12\/1698140129127-922x2048.jpg 922w, https:\/\/sinilinnukeskus.ee\/wp-content\/uploads\/2023\/12\/1698140129127-560x1244.jpg 560w, https:\/\/sinilinnukeskus.ee\/wp-content\/uploads\/2023\/12\/1698140129127-600x1333.jpg 600w, https:\/\/sinilinnukeskus.ee\/wp-content\/uploads\/2023\/12\/1698140129127-scaled.jpg 1152w\" sizes=\"auto, (max-width: 461px) 100vw, 461px\" \/><\/figure>\n<\/figure>\n\n\n\n<figure class=\"wp-block-image size-large\"><img loading=\"lazy\" decoding=\"async\" width=\"1024\" height=\"461\" src=\"https:\/\/www.sinilinnukeskus.ee\/wp-content\/uploads\/2023\/12\/1698859865107-1024x461.jpg\" alt=\"\" class=\"wp-image-422\" srcset=\"https:\/\/sinilinnukeskus.ee\/wp-content\/uploads\/2023\/12\/1698859865107-1024x461.jpg 1024w, https:\/\/sinilinnukeskus.ee\/wp-content\/uploads\/2023\/12\/1698859865107-300x135.jpg 300w, https:\/\/sinilinnukeskus.ee\/wp-content\/uploads\/2023\/12\/1698859865107-768x346.jpg 768w, https:\/\/sinilinnukeskus.ee\/wp-content\/uploads\/2023\/12\/1698859865107-1536x691.jpg 1536w, https:\/\/sinilinnukeskus.ee\/wp-content\/uploads\/2023\/12\/1698859865107-2048x922.jpg 2048w, https:\/\/sinilinnukeskus.ee\/wp-content\/uploads\/2023\/12\/1698859865107-560x252.jpg 560w, https:\/\/sinilinnukeskus.ee\/wp-content\/uploads\/2023\/12\/1698859865107-600x270.jpg 600w\" sizes=\"auto, (max-width: 1024px) 100vw, 1024px\" \/><\/figure>\n","protected":false},"excerpt":{"rendered":"<p>T\u00e4nu Eesti Paral\u00fcmpiakomitee Liikumisaasta 2023 raames antud projektitoetusele saime 2023 aastal perioodil juuni &#8211; oktoober l\u00e4bi viidud kokku \u00fcksteist meeleolukat kettagolfi \u00f5htutundi. \u00d5htutundides osaleti kokku<\/p>\n","protected":false},"author":1,"featured_media":0,"parent":0,"menu_order":0,"comment_status":"closed","ping_status":"closed","template":"","meta":{"_uag_custom_page_level_css":"","footnotes":""},"class_list":["post-48","page","type-page","status-publish","hentry"],"yoast_head":"<!-- This site is optimized with the Yoast SEO plugin v20.12 - https:\/\/yoast.com\/wordpress\/plugins\/seo\/ -->\n<title>Discgolf - Sinilinnu P\u00e4evakeskus<\/title>\n<meta name=\"robots\" content=\"index, follow, max-snippet:-1, max-image-preview:large, max-video-preview:-1\" \/>\n<link rel=\"canonical\" href=\"https:\/\/sinilinnukeskus.ee\/?page_id=48\" \/>\n<meta property=\"og:locale\" content=\"et_EE\" \/>\n<meta property=\"og:type\" content=\"article\" \/>\n<meta property=\"og:title\" content=\"Discgolf - Sinilinnu P\u00e4evakeskus\" \/>\n<meta property=\"og:description\" content=\"T\u00e4nu Eesti Paral\u00fcmpiakomitee Liikumisaasta 2023 raames antud projektitoetusele saime 2023 aastal perioodil juuni &#8211; oktoober l\u00e4bi viidud kokku \u00fcksteist meeleolukat kettagolfi \u00f5htutundi. \u00d5htutundides osaleti kokku\" \/>\n<meta property=\"og:url\" content=\"https:\/\/sinilinnukeskus.ee\/?page_id=48\" \/>\n<meta property=\"og:site_name\" content=\"Sinilinnu P\u00e4evakeskus\" \/>\n<meta property=\"article:modified_time\" content=\"2023-12-04T10:43:38+00:00\" \/>\n<meta property=\"og:image\" content=\"https:\/\/www.sinilinnukeskus.ee\/wp-content\/uploads\/2023\/10\/349854904_125325617245606_4772843869783724767_n-1024x768.jpg\" \/>\n<meta name=\"twitter:card\" content=\"summary_large_image\" \/>\n<meta name=\"twitter:label1\" content=\"Est. reading time\" \/>\n\t<meta name=\"twitter:data1\" content=\"3 minutit\" \/>\n<script type=\"application\/ld+json\" class=\"yoast-schema-graph\">{\"@context\":\"https:\/\/schema.org\",\"@graph\":[{\"@type\":\"WebPage\",\"@id\":\"https:\/\/sinilinnukeskus.ee\/?page_id=48\",\"url\":\"https:\/\/sinilinnukeskus.ee\/?page_id=48\",\"name\":\"Discgolf - Sinilinnu P\u00e4evakeskus\",\"isPartOf\":{\"@id\":\"https:\/\/sinilinnukeskus.ee\/#website\"},\"datePublished\":\"2023-08-03T14:12:31+00:00\",\"dateModified\":\"2023-12-04T10:43:38+00:00\",\"breadcrumb\":{\"@id\":\"https:\/\/sinilinnukeskus.ee\/?page_id=48#breadcrumb\"},\"inLanguage\":\"et\",\"potentialAction\":[{\"@type\":\"ReadAction\",\"target\":[\"https:\/\/sinilinnukeskus.ee\/?page_id=48\"]}]},{\"@type\":\"BreadcrumbList\",\"@id\":\"https:\/\/sinilinnukeskus.ee\/?page_id=48#breadcrumb\",\"itemListElement\":[{\"@type\":\"ListItem\",\"position\":1,\"name\":\"Home\",\"item\":\"https:\/\/sinilinnukeskus.ee\/\"},{\"@type\":\"ListItem\",\"position\":2,\"name\":\"Discgolf\"}]},{\"@type\":\"WebSite\",\"@id\":\"https:\/\/sinilinnukeskus.ee\/#website\",\"url\":\"https:\/\/sinilinnukeskus.ee\/\",\"name\":\"Sinilinnu P\u00e4evakeskus\",\"description\":\"Pesa erilistele inimestele!\",\"publisher\":{\"@id\":\"https:\/\/sinilinnukeskus.ee\/#organization\"},\"potentialAction\":[{\"@type\":\"SearchAction\",\"target\":{\"@type\":\"EntryPoint\",\"urlTemplate\":\"https:\/\/sinilinnukeskus.ee\/?s={search_term_string}\"},\"query-input\":\"required name=search_term_string\"}],\"inLanguage\":\"et\"},{\"@type\":\"Organization\",\"@id\":\"https:\/\/sinilinnukeskus.ee\/#organization\",\"name\":\"Sinilinnu P\u00e4evakeskus\",\"url\":\"https:\/\/sinilinnukeskus.ee\/\",\"logo\":{\"@type\":\"ImageObject\",\"inLanguage\":\"et\",\"@id\":\"https:\/\/sinilinnukeskus.ee\/#\/schema\/logo\/image\/\",\"url\":\"https:\/\/sinilinnukeskus.ee\/wp-content\/uploads\/2023\/08\/cropped-347582059_748069043770774_4850634586322964706_n-1.jpg\",\"contentUrl\":\"https:\/\/sinilinnukeskus.ee\/wp-content\/uploads\/2023\/08\/cropped-347582059_748069043770774_4850634586322964706_n-1.jpg\",\"width\":452,\"height\":291,\"caption\":\"Sinilinnu P\u00e4evakeskus\"},\"image\":{\"@id\":\"https:\/\/sinilinnukeskus.ee\/#\/schema\/logo\/image\/\"}}]}<\/script>\n<!-- \/ Yoast SEO plugin. -->","yoast_head_json":{"title":"Discgolf - Sinilinnu P\u00e4evakeskus","robots":{"index":"index","follow":"follow","max-snippet":"max-snippet:-1","max-image-preview":"max-image-preview:large","max-video-preview":"max-video-preview:-1"},"canonical":"https:\/\/sinilinnukeskus.ee\/?page_id=48","og_locale":"et_EE","og_type":"article","og_title":"Discgolf - Sinilinnu P\u00e4evakeskus","og_description":"T\u00e4nu Eesti Paral\u00fcmpiakomitee Liikumisaasta 2023 raames antud projektitoetusele saime 2023 aastal perioodil juuni &#8211; oktoober l\u00e4bi viidud kokku \u00fcksteist meeleolukat kettagolfi \u00f5htutundi. \u00d5htutundides osaleti kokku","og_url":"https:\/\/sinilinnukeskus.ee\/?page_id=48","og_site_name":"Sinilinnu P\u00e4evakeskus","article_modified_time":"2023-12-04T10:43:38+00:00","og_image":[{"url":"https:\/\/www.sinilinnukeskus.ee\/wp-content\/uploads\/2023\/10\/349854904_125325617245606_4772843869783724767_n-1024x768.jpg"}],"twitter_card":"summary_large_image","twitter_misc":{"Est. reading time":"3 minutit"},"schema":{"@context":"https:\/\/schema.org","@graph":[{"@type":"WebPage","@id":"https:\/\/sinilinnukeskus.ee\/?page_id=48","url":"https:\/\/sinilinnukeskus.ee\/?page_id=48","name":"Discgolf - Sinilinnu P\u00e4evakeskus","isPartOf":{"@id":"https:\/\/sinilinnukeskus.ee\/#website"},"datePublished":"2023-08-03T14:12:31+00:00","dateModified":"2023-12-04T10:43:38+00:00","breadcrumb":{"@id":"https:\/\/sinilinnukeskus.ee\/?page_id=48#breadcrumb"},"inLanguage":"et","potentialAction":[{"@type":"ReadAction","target":["https:\/\/sinilinnukeskus.ee\/?page_id=48"]}]},{"@type":"BreadcrumbList","@id":"https:\/\/sinilinnukeskus.ee\/?page_id=48#breadcrumb","itemListElement":[{"@type":"ListItem","position":1,"name":"Home","item":"https:\/\/sinilinnukeskus.ee\/"},{"@type":"ListItem","position":2,"name":"Discgolf"}]},{"@type":"WebSite","@id":"https:\/\/sinilinnukeskus.ee\/#website","url":"https:\/\/sinilinnukeskus.ee\/","name":"Sinilinnu P\u00e4evakeskus","description":"Pesa erilistele inimestele!","publisher":{"@id":"https:\/\/sinilinnukeskus.ee\/#organization"},"potentialAction":[{"@type":"SearchAction","target":{"@type":"EntryPoint","urlTemplate":"https:\/\/sinilinnukeskus.ee\/?s={search_term_string}"},"query-input":"required name=search_term_string"}],"inLanguage":"et"},{"@type":"Organization","@id":"https:\/\/sinilinnukeskus.ee\/#organization","name":"Sinilinnu P\u00e4evakeskus","url":"https:\/\/sinilinnukeskus.ee\/","logo":{"@type":"ImageObject","inLanguage":"et","@id":"https:\/\/sinilinnukeskus.ee\/#\/schema\/logo\/image\/","url":"https:\/\/sinilinnukeskus.ee\/wp-content\/uploads\/2023\/08\/cropped-347582059_748069043770774_4850634586322964706_n-1.jpg","contentUrl":"https:\/\/sinilinnukeskus.ee\/wp-content\/uploads\/2023\/08\/cropped-347582059_748069043770774_4850634586322964706_n-1.jpg","width":452,"height":291,"caption":"Sinilinnu P\u00e4evakeskus"},"image":{"@id":"https:\/\/sinilinnukeskus.ee\/#\/schema\/logo\/image\/"}}]}},"uagb_featured_image_src":{"full":false,"thumbnail":false,"medium":false,"medium_large":false,"large":false,"1536x1536":false,"2048x2048":false,"nonprofit_post":false,"nonprofit_slider":false,"woocommerce_thumbnail":false,"woocommerce_single":false,"woocommerce_gallery_thumbnail":false},"uagb_author_info":{"display_name":"Sinilinnu P\u00e4evakeskus","author_link":"https:\/\/sinilinnukeskus.ee\/?author=1"},"uagb_comment_info":0,"uagb_excerpt":"T\u00e4nu Eesti Paral\u00fcmpiakomitee Liikumisaasta 2023 raames antud projektitoetusele saime 2023 aastal perioodil juuni &#8211; oktoober l\u00e4bi viidud kokku \u00fcksteist meeleolukat kettagolfi \u00f5htutundi. \u00d5htutundides osaleti kokku","_links":{"self":[{"href":"https:\/\/sinilinnukeskus.ee\/index.php?rest_route=\/wp\/v2\/pages\/48","targetHints":{"allow":["GET"]}}],"collection":[{"href":"https:\/\/sinilinnukeskus.ee\/index.php?rest_route=\/wp\/v2\/pages"}],"about":[{"href":"https:\/\/sinilinnukeskus.ee\/index.php?rest_route=\/wp\/v2\/types\/page"}],"author":[{"embeddable":true,"href":"https:\/\/sinilinnukeskus.ee\/index.php?rest_route=\/wp\/v2\/users\/1"}],"replies":[{"embeddable":true,"href":"https:\/\/sinilinnukeskus.ee\/index.php?rest_route=%2Fwp%2Fv2%2Fcomments&post=48"}],"version-history":[{"count":5,"href":"https:\/\/sinilinnukeskus.ee\/index.php?rest_route=\/wp\/v2\/pages\/48\/revisions"}],"predecessor-version":[{"id":462,"href":"https:\/\/sinilinnukeskus.ee\/index.php?rest_route=\/wp\/v2\/pages\/48\/revisions\/462"}],"wp:attachment":[{"href":"https:\/\/sinilinnukeskus.ee\/index.php?rest_route=%2Fwp%2Fv2%2Fmedia&parent=48"}],"curies":[{"name":"wp","href":"https:\/\/api.w.org\/{rel}","templated":true}]}}