{"id":44,"date":"2023-08-03T14:11:29","date_gmt":"2023-08-03T14:11:29","guid":{"rendered":"https:\/\/www.sinilinnukeskus.ee\/?page_id=44"},"modified":"2023-10-06T13:20:45","modified_gmt":"2023-10-06T10:20:45","slug":"tegevused","status":"publish","type":"page","link":"https:\/\/sinilinnukeskus.ee\/?page_id=44","title":{"rendered":"Tegevused"},"content":{"rendered":"\n<h3 class=\"wp-block-heading\"><strong><em><a href=\"https:\/\/www.sinilinnukeskus.ee\/?page_id=48\">Discgolf<\/a><\/em><\/strong><\/h3>\n\n\n\n<p><strong>L\u00dcHITUTVUSTUS<\/strong><\/p>\n\n\n\n<p>Discgolf on hasarti tekitav sportm\u00e4ng, kus m\u00e4ngijad peavad v\u00f5imalikult v\u00e4heste visete arvuga spetsiaalse lendava taldriku viskama discgolfi korvi. <\/p>\n\n\n\n<p>M\u00e4ngu v\u00f5itjaks on see, kes v\u00e4iksema visete arvuga l\u00e4bib etteantud raja, mis tavaliselt koosneb 9 v\u00f5i 18 korvist. M\u00e4ng sarnaneb oma p\u00f5him\u00f5ttelt tavalise palli-golfiga, selle vahega, et palli ja kepi asemel on ketas ja spetsiaalne kettidega korv. <\/p>\n\n\n\n<p>Samuti on sarnane m\u00e4ngus kasutatav s\u00f5navara \u2013 birdie, par, bogey, out-of-bounds, puttimine jne.<\/p>\n\n\n\n<p><strong>Rohkem huvitavat infot Discgolfi kohta<\/strong> <a href=\"https:\/\/www.discsport.ee\/et\/discgolf\/disc-golf-mis-mang-see-on\"><strong>SIIT<\/strong><\/a><\/p>\n\n\n\n<h3 class=\"wp-block-heading\"><strong><em><a href=\"https:\/\/www.sinilinnukeskus.ee\/?page_id=49\">Kepik\u00f5nd<\/a><\/em><\/strong><\/h3>\n\n\n\n<p><strong>L\u00dcHITUTVUSTUS<\/strong><\/p>\n\n\n\n<p><strong>Sportlik kepik\u00f5nd<\/strong>&nbsp;on t\u00e4nap\u00e4eva inimese tarvis spetsiaalselt v\u00e4lja t\u00f6\u00f6tatud liikumisvorm, kusjuures s\u00e4ilitatud on k\u00f5ik hea ja vajalik tavalisest k\u00e4imisest. <\/p>\n\n\n\n<p>Kepik\u00f5nd on j\u00f5ukohane iga\u00fchele, liigutused lihtsad ning loomulikud. Treeninguks l\u00e4heb vaja vaid paari k\u00e4imiskeppe, mugavaid jalan\u00f5usid, sportlikku riietust ja eelk\u00f5ige liikumisr\u00f5\u00f5mu. <\/p>\n\n\n\n<p>K\u00f5ndida saab igal pool: metsas, pargis, linnat\u00e4navail, maanteel, rannas ja rabas.<\/p>\n\n\n\n<p><strong>Rohkem huvitavat infot Kepik\u00f5nni kohta <a href=\"https:\/\/www.kepikond.ee\/kepikonni-kasulikkusest\/\">SIIT<\/a><\/strong><\/p>\n","protected":false},"excerpt":{"rendered":"<p>Discgolf L\u00dcHITUTVUSTUS Discgolf on hasarti tekitav sportm\u00e4ng, kus m\u00e4ngijad peavad v\u00f5imalikult v\u00e4heste visete arvuga spetsiaalse lendava taldriku viskama discgolfi korvi. M\u00e4ngu v\u00f5itjaks on see, kes<\/p>\n","protected":false},"author":1,"featured_media":0,"parent":0,"menu_order":0,"comment_status":"closed","ping_status":"closed","template":"","meta":{"_uag_custom_page_level_css":"","footnotes":""},"class_list":["post-44","page","type-page","status-publish","hentry"],"yoast_head":"<!-- This site is optimized with the Yoast SEO plugin v20.12 - https:\/\/yoast.com\/wordpress\/plugins\/seo\/ -->\n<title>Tegevused - Sinilinnu P\u00e4evakeskus<\/title>\n<meta name=\"robots\" content=\"index, follow, max-snippet:-1, max-image-preview:large, max-video-preview:-1\" \/>\n<link rel=\"canonical\" href=\"https:\/\/sinilinnukeskus.ee\/?page_id=44\" \/>\n<meta property=\"og:locale\" content=\"et_EE\" \/>\n<meta property=\"og:type\" content=\"article\" \/>\n<meta property=\"og:title\" content=\"Tegevused - Sinilinnu P\u00e4evakeskus\" \/>\n<meta property=\"og:description\" content=\"Discgolf L\u00dcHITUTVUSTUS Discgolf on hasarti tekitav sportm\u00e4ng, kus m\u00e4ngijad peavad v\u00f5imalikult v\u00e4heste visete arvuga spetsiaalse lendava taldriku viskama discgolfi korvi. M\u00e4ngu v\u00f5itjaks on see, kes\" \/>\n<meta property=\"og:url\" content=\"https:\/\/sinilinnukeskus.ee\/?page_id=44\" \/>\n<meta property=\"og:site_name\" content=\"Sinilinnu P\u00e4evakeskus\" \/>\n<meta property=\"article:modified_time\" content=\"2023-10-06T10:20:45+00:00\" \/>\n<meta name=\"twitter:card\" content=\"summary_large_image\" \/>\n<meta name=\"twitter:label1\" content=\"Est. reading time\" \/>\n\t<meta name=\"twitter:data1\" content=\"1 minut\" \/>\n<script type=\"application\/ld+json\" class=\"yoast-schema-graph\">{\"@context\":\"https:\/\/schema.org\",\"@graph\":[{\"@type\":\"WebPage\",\"@id\":\"https:\/\/sinilinnukeskus.ee\/?page_id=44\",\"url\":\"https:\/\/sinilinnukeskus.ee\/?page_id=44\",\"name\":\"Tegevused - Sinilinnu P\u00e4evakeskus\",\"isPartOf\":{\"@id\":\"https:\/\/sinilinnukeskus.ee\/#website\"},\"datePublished\":\"2023-08-03T14:11:29+00:00\",\"dateModified\":\"2023-10-06T10:20:45+00:00\",\"breadcrumb\":{\"@id\":\"https:\/\/sinilinnukeskus.ee\/?page_id=44#breadcrumb\"},\"inLanguage\":\"et\",\"potentialAction\":[{\"@type\":\"ReadAction\",\"target\":[\"https:\/\/sinilinnukeskus.ee\/?page_id=44\"]}]},{\"@type\":\"BreadcrumbList\",\"@id\":\"https:\/\/sinilinnukeskus.ee\/?page_id=44#breadcrumb\",\"itemListElement\":[{\"@type\":\"ListItem\",\"position\":1,\"name\":\"Home\",\"item\":\"https:\/\/sinilinnukeskus.ee\/\"},{\"@type\":\"ListItem\",\"position\":2,\"name\":\"Tegevused\"}]},{\"@type\":\"WebSite\",\"@id\":\"https:\/\/sinilinnukeskus.ee\/#website\",\"url\":\"https:\/\/sinilinnukeskus.ee\/\",\"name\":\"Sinilinnu P\u00e4evakeskus\",\"description\":\"Pesa erilistele inimestele!\",\"publisher\":{\"@id\":\"https:\/\/sinilinnukeskus.ee\/#organization\"},\"potentialAction\":[{\"@type\":\"SearchAction\",\"target\":{\"@type\":\"EntryPoint\",\"urlTemplate\":\"https:\/\/sinilinnukeskus.ee\/?s={search_term_string}\"},\"query-input\":\"required name=search_term_string\"}],\"inLanguage\":\"et\"},{\"@type\":\"Organization\",\"@id\":\"https:\/\/sinilinnukeskus.ee\/#organization\",\"name\":\"Sinilinnu P\u00e4evakeskus\",\"url\":\"https:\/\/sinilinnukeskus.ee\/\",\"logo\":{\"@type\":\"ImageObject\",\"inLanguage\":\"et\",\"@id\":\"https:\/\/sinilinnukeskus.ee\/#\/schema\/logo\/image\/\",\"url\":\"https:\/\/sinilinnukeskus.ee\/wp-content\/uploads\/2023\/08\/cropped-347582059_748069043770774_4850634586322964706_n-1.jpg\",\"contentUrl\":\"https:\/\/sinilinnukeskus.ee\/wp-content\/uploads\/2023\/08\/cropped-347582059_748069043770774_4850634586322964706_n-1.jpg\",\"width\":452,\"height\":291,\"caption\":\"Sinilinnu P\u00e4evakeskus\"},\"image\":{\"@id\":\"https:\/\/sinilinnukeskus.ee\/#\/schema\/logo\/image\/\"}}]}<\/script>\n<!-- \/ Yoast SEO plugin. -->","yoast_head_json":{"title":"Tegevused - Sinilinnu P\u00e4evakeskus","robots":{"index":"index","follow":"follow","max-snippet":"max-snippet:-1","max-image-preview":"max-image-preview:large","max-video-preview":"max-video-preview:-1"},"canonical":"https:\/\/sinilinnukeskus.ee\/?page_id=44","og_locale":"et_EE","og_type":"article","og_title":"Tegevused - Sinilinnu P\u00e4evakeskus","og_description":"Discgolf L\u00dcHITUTVUSTUS Discgolf on hasarti tekitav sportm\u00e4ng, kus m\u00e4ngijad peavad v\u00f5imalikult v\u00e4heste visete arvuga spetsiaalse lendava taldriku viskama discgolfi korvi. M\u00e4ngu v\u00f5itjaks on see, kes","og_url":"https:\/\/sinilinnukeskus.ee\/?page_id=44","og_site_name":"Sinilinnu P\u00e4evakeskus","article_modified_time":"2023-10-06T10:20:45+00:00","twitter_card":"summary_large_image","twitter_misc":{"Est. reading time":"1 minut"},"schema":{"@context":"https:\/\/schema.org","@graph":[{"@type":"WebPage","@id":"https:\/\/sinilinnukeskus.ee\/?page_id=44","url":"https:\/\/sinilinnukeskus.ee\/?page_id=44","name":"Tegevused - Sinilinnu P\u00e4evakeskus","isPartOf":{"@id":"https:\/\/sinilinnukeskus.ee\/#website"},"datePublished":"2023-08-03T14:11:29+00:00","dateModified":"2023-10-06T10:20:45+00:00","breadcrumb":{"@id":"https:\/\/sinilinnukeskus.ee\/?page_id=44#breadcrumb"},"inLanguage":"et","potentialAction":[{"@type":"ReadAction","target":["https:\/\/sinilinnukeskus.ee\/?page_id=44"]}]},{"@type":"BreadcrumbList","@id":"https:\/\/sinilinnukeskus.ee\/?page_id=44#breadcrumb","itemListElement":[{"@type":"ListItem","position":1,"name":"Home","item":"https:\/\/sinilinnukeskus.ee\/"},{"@type":"ListItem","position":2,"name":"Tegevused"}]},{"@type":"WebSite","@id":"https:\/\/sinilinnukeskus.ee\/#website","url":"https:\/\/sinilinnukeskus.ee\/","name":"Sinilinnu P\u00e4evakeskus","description":"Pesa erilistele inimestele!","publisher":{"@id":"https:\/\/sinilinnukeskus.ee\/#organization"},"potentialAction":[{"@type":"SearchAction","target":{"@type":"EntryPoint","urlTemplate":"https:\/\/sinilinnukeskus.ee\/?s={search_term_string}"},"query-input":"required name=search_term_string"}],"inLanguage":"et"},{"@type":"Organization","@id":"https:\/\/sinilinnukeskus.ee\/#organization","name":"Sinilinnu P\u00e4evakeskus","url":"https:\/\/sinilinnukeskus.ee\/","logo":{"@type":"ImageObject","inLanguage":"et","@id":"https:\/\/sinilinnukeskus.ee\/#\/schema\/logo\/image\/","url":"https:\/\/sinilinnukeskus.ee\/wp-content\/uploads\/2023\/08\/cropped-347582059_748069043770774_4850634586322964706_n-1.jpg","contentUrl":"https:\/\/sinilinnukeskus.ee\/wp-content\/uploads\/2023\/08\/cropped-347582059_748069043770774_4850634586322964706_n-1.jpg","width":452,"height":291,"caption":"Sinilinnu P\u00e4evakeskus"},"image":{"@id":"https:\/\/sinilinnukeskus.ee\/#\/schema\/logo\/image\/"}}]}},"uagb_featured_image_src":{"full":false,"thumbnail":false,"medium":false,"medium_large":false,"large":false,"1536x1536":false,"2048x2048":false,"nonprofit_post":false,"nonprofit_slider":false,"woocommerce_thumbnail":false,"woocommerce_single":false,"woocommerce_gallery_thumbnail":false},"uagb_author_info":{"display_name":"Sinilinnu P\u00e4evakeskus","author_link":"https:\/\/sinilinnukeskus.ee\/?author=1"},"uagb_comment_info":0,"uagb_excerpt":"Discgolf L\u00dcHITUTVUSTUS Discgolf on hasarti tekitav sportm\u00e4ng, kus m\u00e4ngijad peavad v\u00f5imalikult v\u00e4heste visete arvuga spetsiaalse lendava taldriku viskama discgolfi korvi. M\u00e4ngu v\u00f5itjaks on see, kes","_links":{"self":[{"href":"https:\/\/sinilinnukeskus.ee\/index.php?rest_route=\/wp\/v2\/pages\/44","targetHints":{"allow":["GET"]}}],"collection":[{"href":"https:\/\/sinilinnukeskus.ee\/index.php?rest_route=\/wp\/v2\/pages"}],"about":[{"href":"https:\/\/sinilinnukeskus.ee\/index.php?rest_route=\/wp\/v2\/types\/page"}],"author":[{"embeddable":true,"href":"https:\/\/sinilinnukeskus.ee\/index.php?rest_route=\/wp\/v2\/users\/1"}],"replies":[{"embeddable":true,"href":"https:\/\/sinilinnukeskus.ee\/index.php?rest_route=%2Fwp%2Fv2%2Fcomments&post=44"}],"version-history":[{"count":5,"href":"https:\/\/sinilinnukeskus.ee\/index.php?rest_route=\/wp\/v2\/pages\/44\/revisions"}],"predecessor-version":[{"id":253,"href":"https:\/\/sinilinnukeskus.ee\/index.php?rest_route=\/wp\/v2\/pages\/44\/revisions\/253"}],"wp:attachment":[{"href":"https:\/\/sinilinnukeskus.ee\/index.php?rest_route=%2Fwp%2Fv2%2Fmedia&parent=44"}],"curies":[{"name":"wp","href":"https:\/\/api.w.org\/{rel}","templated":true}]}}