{"id":392,"date":"2023-11-11T16:06:31","date_gmt":"2023-11-11T14:06:31","guid":{"rendered":"https:\/\/www.sinilinnukeskus.ee\/?page_id=392"},"modified":"2023-11-11T16:11:18","modified_gmt":"2023-11-11T14:11:18","slug":"tagasiside","status":"publish","type":"page","link":"https:\/\/sinilinnukeskus.ee\/?page_id=392","title":{"rendered":"Tagasiside"},"content":{"rendered":"\n<p><strong>Tatjana Koor<\/strong><\/p>\n\n\n\n<p><strong>SinilinnuP\u00e4evakeskus<\/strong> on \u00fcks eriline koht eriliste v\u00f5imetega inimestele, kus tehakse imelisi asju pakkumaks neile erinevaid heaolu edendavaid ja maailma avardavaid v\u00f5imalusi. K\u00f5ike tehakse s\u00fcdamest ja hingega.<\/p>\n\n\n\n<p class=\"has-text-align-left\">Kui tahad neid nende teekonnal aidata, siis siin on \u00fcks v\u00f5imalus &#8211; seota nende poolt pakkutvat kuivatatud &#8220;koduaia \u00f5unakesed&#8221;.<\/p>\n\n\n\n<p class=\"has-text-align-left\">Need on v\u00e4ga maitsvad &#8211; proovisin ja tean, millest r\u00e4\u00e4gin. Kui ei usu, telli ja proovi ise <img loading=\"lazy\" decoding=\"async\" height=\"16\" width=\"16\" alt=\"\ud83d\ude42\" src=\"https:\/\/static.xx.fbcdn.net\/images\/emoji.php\/v9\/ta5\/1.5\/16\/1f642.png\"> See on hea lisa ka kingikotti poetamiseks nii <a><\/a>pereliikmetele kui ka koost\u00f6\u00f6partneritele.<\/p>\n\n\n\n<p class=\"has-text-align-left\">K\u00fcsi lisa ja\/v\u00f5i telli: <strong>sinilinnukeskus@gmail.com<\/strong><\/p>\n\n\n\n<p class=\"has-text-align-left\">PPS! M\u00fc\u00fcgist saadud raha suunatakse t\u00f6\u00f6tubade ja muude tegevuste korraldamiseks.<\/p>\n","protected":false},"excerpt":{"rendered":"<p>Tatjana Koor SinilinnuP\u00e4evakeskus on \u00fcks eriline koht eriliste v\u00f5imetega inimestele, kus tehakse imelisi asju pakkumaks neile erinevaid heaolu edendavaid ja maailma avardavaid v\u00f5imalusi. K\u00f5ike tehakse<\/p>\n","protected":false},"author":1,"featured_media":0,"parent":0,"menu_order":0,"comment_status":"closed","ping_status":"closed","template":"","meta":{"_uag_custom_page_level_css":"","footnotes":""},"class_list":["post-392","page","type-page","status-publish","hentry"],"yoast_head":"<!-- This site is optimized with the Yoast SEO plugin v20.12 - https:\/\/yoast.com\/wordpress\/plugins\/seo\/ -->\n<title>Tagasiside - Sinilinnu P\u00e4evakeskus<\/title>\n<meta name=\"robots\" content=\"index, follow, max-snippet:-1, max-image-preview:large, max-video-preview:-1\" \/>\n<link rel=\"canonical\" href=\"https:\/\/sinilinnukeskus.ee\/?page_id=392\" \/>\n<meta property=\"og:locale\" content=\"et_EE\" \/>\n<meta property=\"og:type\" content=\"article\" \/>\n<meta property=\"og:title\" content=\"Tagasiside - Sinilinnu P\u00e4evakeskus\" \/>\n<meta property=\"og:description\" content=\"Tatjana Koor SinilinnuP\u00e4evakeskus on \u00fcks eriline koht eriliste v\u00f5imetega inimestele, kus tehakse imelisi asju pakkumaks neile erinevaid heaolu edendavaid ja maailma avardavaid v\u00f5imalusi. K\u00f5ike tehakse\" \/>\n<meta property=\"og:url\" content=\"https:\/\/sinilinnukeskus.ee\/?page_id=392\" \/>\n<meta property=\"og:site_name\" content=\"Sinilinnu P\u00e4evakeskus\" \/>\n<meta property=\"article:modified_time\" content=\"2023-11-11T14:11:18+00:00\" \/>\n<meta property=\"og:image\" content=\"https:\/\/static.xx.fbcdn.net\/images\/emoji.php\/v9\/ta5\/1.5\/16\/1f642.png\" \/>\n<meta name=\"twitter:card\" content=\"summary_large_image\" \/>\n<meta name=\"twitter:label1\" content=\"Est. reading time\" \/>\n\t<meta name=\"twitter:data1\" content=\"1 minut\" \/>\n<script type=\"application\/ld+json\" class=\"yoast-schema-graph\">{\"@context\":\"https:\/\/schema.org\",\"@graph\":[{\"@type\":\"WebPage\",\"@id\":\"https:\/\/sinilinnukeskus.ee\/?page_id=392\",\"url\":\"https:\/\/sinilinnukeskus.ee\/?page_id=392\",\"name\":\"Tagasiside - Sinilinnu P\u00e4evakeskus\",\"isPartOf\":{\"@id\":\"https:\/\/sinilinnukeskus.ee\/#website\"},\"datePublished\":\"2023-11-11T14:06:31+00:00\",\"dateModified\":\"2023-11-11T14:11:18+00:00\",\"breadcrumb\":{\"@id\":\"https:\/\/sinilinnukeskus.ee\/?page_id=392#breadcrumb\"},\"inLanguage\":\"et\",\"potentialAction\":[{\"@type\":\"ReadAction\",\"target\":[\"https:\/\/sinilinnukeskus.ee\/?page_id=392\"]}]},{\"@type\":\"BreadcrumbList\",\"@id\":\"https:\/\/sinilinnukeskus.ee\/?page_id=392#breadcrumb\",\"itemListElement\":[{\"@type\":\"ListItem\",\"position\":1,\"name\":\"Home\",\"item\":\"https:\/\/sinilinnukeskus.ee\/\"},{\"@type\":\"ListItem\",\"position\":2,\"name\":\"Tagasiside\"}]},{\"@type\":\"WebSite\",\"@id\":\"https:\/\/sinilinnukeskus.ee\/#website\",\"url\":\"https:\/\/sinilinnukeskus.ee\/\",\"name\":\"Sinilinnu P\u00e4evakeskus\",\"description\":\"Pesa erilistele inimestele!\",\"publisher\":{\"@id\":\"https:\/\/sinilinnukeskus.ee\/#organization\"},\"potentialAction\":[{\"@type\":\"SearchAction\",\"target\":{\"@type\":\"EntryPoint\",\"urlTemplate\":\"https:\/\/sinilinnukeskus.ee\/?s={search_term_string}\"},\"query-input\":\"required name=search_term_string\"}],\"inLanguage\":\"et\"},{\"@type\":\"Organization\",\"@id\":\"https:\/\/sinilinnukeskus.ee\/#organization\",\"name\":\"Sinilinnu P\u00e4evakeskus\",\"url\":\"https:\/\/sinilinnukeskus.ee\/\",\"logo\":{\"@type\":\"ImageObject\",\"inLanguage\":\"et\",\"@id\":\"https:\/\/sinilinnukeskus.ee\/#\/schema\/logo\/image\/\",\"url\":\"https:\/\/sinilinnukeskus.ee\/wp-content\/uploads\/2023\/08\/cropped-347582059_748069043770774_4850634586322964706_n-1.jpg\",\"contentUrl\":\"https:\/\/sinilinnukeskus.ee\/wp-content\/uploads\/2023\/08\/cropped-347582059_748069043770774_4850634586322964706_n-1.jpg\",\"width\":452,\"height\":291,\"caption\":\"Sinilinnu P\u00e4evakeskus\"},\"image\":{\"@id\":\"https:\/\/sinilinnukeskus.ee\/#\/schema\/logo\/image\/\"}}]}<\/script>\n<!-- \/ Yoast SEO plugin. -->","yoast_head_json":{"title":"Tagasiside - Sinilinnu P\u00e4evakeskus","robots":{"index":"index","follow":"follow","max-snippet":"max-snippet:-1","max-image-preview":"max-image-preview:large","max-video-preview":"max-video-preview:-1"},"canonical":"https:\/\/sinilinnukeskus.ee\/?page_id=392","og_locale":"et_EE","og_type":"article","og_title":"Tagasiside - Sinilinnu P\u00e4evakeskus","og_description":"Tatjana Koor SinilinnuP\u00e4evakeskus on \u00fcks eriline koht eriliste v\u00f5imetega inimestele, kus tehakse imelisi asju pakkumaks neile erinevaid heaolu edendavaid ja maailma avardavaid v\u00f5imalusi. K\u00f5ike tehakse","og_url":"https:\/\/sinilinnukeskus.ee\/?page_id=392","og_site_name":"Sinilinnu P\u00e4evakeskus","article_modified_time":"2023-11-11T14:11:18+00:00","og_image":[{"url":"https:\/\/static.xx.fbcdn.net\/images\/emoji.php\/v9\/ta5\/1.5\/16\/1f642.png"}],"twitter_card":"summary_large_image","twitter_misc":{"Est. reading time":"1 minut"},"schema":{"@context":"https:\/\/schema.org","@graph":[{"@type":"WebPage","@id":"https:\/\/sinilinnukeskus.ee\/?page_id=392","url":"https:\/\/sinilinnukeskus.ee\/?page_id=392","name":"Tagasiside - Sinilinnu P\u00e4evakeskus","isPartOf":{"@id":"https:\/\/sinilinnukeskus.ee\/#website"},"datePublished":"2023-11-11T14:06:31+00:00","dateModified":"2023-11-11T14:11:18+00:00","breadcrumb":{"@id":"https:\/\/sinilinnukeskus.ee\/?page_id=392#breadcrumb"},"inLanguage":"et","potentialAction":[{"@type":"ReadAction","target":["https:\/\/sinilinnukeskus.ee\/?page_id=392"]}]},{"@type":"BreadcrumbList","@id":"https:\/\/sinilinnukeskus.ee\/?page_id=392#breadcrumb","itemListElement":[{"@type":"ListItem","position":1,"name":"Home","item":"https:\/\/sinilinnukeskus.ee\/"},{"@type":"ListItem","position":2,"name":"Tagasiside"}]},{"@type":"WebSite","@id":"https:\/\/sinilinnukeskus.ee\/#website","url":"https:\/\/sinilinnukeskus.ee\/","name":"Sinilinnu P\u00e4evakeskus","description":"Pesa erilistele inimestele!","publisher":{"@id":"https:\/\/sinilinnukeskus.ee\/#organization"},"potentialAction":[{"@type":"SearchAction","target":{"@type":"EntryPoint","urlTemplate":"https:\/\/sinilinnukeskus.ee\/?s={search_term_string}"},"query-input":"required name=search_term_string"}],"inLanguage":"et"},{"@type":"Organization","@id":"https:\/\/sinilinnukeskus.ee\/#organization","name":"Sinilinnu P\u00e4evakeskus","url":"https:\/\/sinilinnukeskus.ee\/","logo":{"@type":"ImageObject","inLanguage":"et","@id":"https:\/\/sinilinnukeskus.ee\/#\/schema\/logo\/image\/","url":"https:\/\/sinilinnukeskus.ee\/wp-content\/uploads\/2023\/08\/cropped-347582059_748069043770774_4850634586322964706_n-1.jpg","contentUrl":"https:\/\/sinilinnukeskus.ee\/wp-content\/uploads\/2023\/08\/cropped-347582059_748069043770774_4850634586322964706_n-1.jpg","width":452,"height":291,"caption":"Sinilinnu P\u00e4evakeskus"},"image":{"@id":"https:\/\/sinilinnukeskus.ee\/#\/schema\/logo\/image\/"}}]}},"uagb_featured_image_src":{"full":false,"thumbnail":false,"medium":false,"medium_large":false,"large":false,"1536x1536":false,"2048x2048":false,"nonprofit_post":false,"nonprofit_slider":false,"woocommerce_thumbnail":false,"woocommerce_single":false,"woocommerce_gallery_thumbnail":false},"uagb_author_info":{"display_name":"Sinilinnu P\u00e4evakeskus","author_link":"https:\/\/sinilinnukeskus.ee\/?author=1"},"uagb_comment_info":0,"uagb_excerpt":"Tatjana Koor SinilinnuP\u00e4evakeskus on \u00fcks eriline koht eriliste v\u00f5imetega inimestele, kus tehakse imelisi asju pakkumaks neile erinevaid heaolu edendavaid ja maailma avardavaid v\u00f5imalusi. K\u00f5ike tehakse","_links":{"self":[{"href":"https:\/\/sinilinnukeskus.ee\/index.php?rest_route=\/wp\/v2\/pages\/392","targetHints":{"allow":["GET"]}}],"collection":[{"href":"https:\/\/sinilinnukeskus.ee\/index.php?rest_route=\/wp\/v2\/pages"}],"about":[{"href":"https:\/\/sinilinnukeskus.ee\/index.php?rest_route=\/wp\/v2\/types\/page"}],"author":[{"embeddable":true,"href":"https:\/\/sinilinnukeskus.ee\/index.php?rest_route=\/wp\/v2\/users\/1"}],"replies":[{"embeddable":true,"href":"https:\/\/sinilinnukeskus.ee\/index.php?rest_route=%2Fwp%2Fv2%2Fcomments&post=392"}],"version-history":[{"count":3,"href":"https:\/\/sinilinnukeskus.ee\/index.php?rest_route=\/wp\/v2\/pages\/392\/revisions"}],"predecessor-version":[{"id":398,"href":"https:\/\/sinilinnukeskus.ee\/index.php?rest_route=\/wp\/v2\/pages\/392\/revisions\/398"}],"wp:attachment":[{"href":"https:\/\/sinilinnukeskus.ee\/index.php?rest_route=%2Fwp%2Fv2%2Fmedia&parent=392"}],"curies":[{"name":"wp","href":"https:\/\/api.w.org\/{rel}","templated":true}]}}