{"id":374,"date":"2023-11-11T13:50:03","date_gmt":"2023-11-11T11:50:03","guid":{"rendered":"https:\/\/www.sinilinnukeskus.ee\/?page_id=374"},"modified":"2023-12-04T11:27:28","modified_gmt":"2023-12-04T09:27:28","slug":"meie-tooted","status":"publish","type":"page","link":"https:\/\/sinilinnukeskus.ee\/?page_id=374","title":{"rendered":"Meie tooted"},"content":{"rendered":"\n<p class=\"has-text-align-center\"><strong>Koduaia \u00f5unakesed tutvumishinnaga ( 40 g pakike ):<\/strong><\/p>\n\n\n\n<p class=\"has-text-align-center\"><strong>K\u00fclmkuivatatud \u00f5unad 4\u20ac (40g)<\/strong><\/p>\n\n\n\n<p class=\"has-text-align-center\"><strong>Kuumkuivatatud 2\u20ac (40g)<\/strong><\/p>\n\n\n\n<p class=\"has-text-align-center\"><strong>Segapakk 3\u20ac Pakis (40g)<\/strong><\/p>\n\n\n\n<p class=\"has-text-align-center\"><strong>Tasuda saab sularahas ja \u00fclekandega<\/strong><\/p>\n\n\n\n<p class=\"has-text-align-center\"><strong>Mittetulundus\u00fching Rahum\u00e4e Sinilinnud EE384204278628231704<\/strong><\/p>\n\n\n\n<p class=\"has-text-align-center\"><strong>Kui soovid annetada erivajadustega inimeste tegevuse toetuseks siis oleme v\u00e4ga t\u00e4nulikud!<\/strong><\/p>\n\n\n\n<p class=\"has-text-align-center\"><strong>Toeta eriliste inimeste tegevust ja osta tervisesn\u00e4kk kas endale maiustamiseks v\u00f5i s\u00f5brale j\u00f5ulupakki.<\/strong><\/p>\n\n\n\n<p class=\"has-text-align-center\"><strong>K\u00fclm- ja kuumkuivatatud \u00f5unakr\u00f5mpsud, mis on korjatud, t\u00fckeldatud ja pakendatud meie tublide erivajadustega inimeste poolt.<\/strong><\/p>\n\n\n\n<div class=\"wp-block-uagb-image uagb-block-918820c0 wp-block-uagb-image--layout-default wp-block-uagb-image--effect-static wp-block-uagb-image--align-none\"><figure class=\"wp-block-uagb-image__figure\"><img decoding=\"async\" srcset=\"https:\/\/www.sinilinnukeskus.ee\/wp-content\/uploads\/2023\/11\/1699703143520-1024x461.jpg \" sizes=\"auto, (max-width: 480px) 150px\" src=\"https:\/\/www.sinilinnukeskus.ee\/wp-content\/uploads\/2023\/11\/1699703143520-1024x461.jpg\" alt=\"\" class=\"uag-image-404\" width=\"4000\" height=\"1800\" title=\"\" loading=\"lazy\"\/><\/figure><\/div>\n\n\n\n<div class=\"wp-block-uagb-image uagb-block-504c49c6 wp-block-uagb-image--layout-default wp-block-uagb-image--effect-static wp-block-uagb-image--align-none\"><figure class=\"wp-block-uagb-image__figure\"><img decoding=\"async\" srcset=\"https:\/\/www.sinilinnukeskus.ee\/wp-content\/uploads\/2023\/11\/380809526_866874914842785_7542746891998304845_n-1024x585.png \" sizes=\"auto, (max-width: 480px) 150px\" src=\"https:\/\/www.sinilinnukeskus.ee\/wp-content\/uploads\/2023\/11\/380809526_866874914842785_7542746891998304845_n-1024x585.png\" alt=\"\" class=\"uag-image-400\" width=\"1050\" height=\"600\" title=\"\" loading=\"lazy\"\/><\/figure><\/div>\n\n\n\n<div class=\"wp-block-uagb-image uagb-block-f777ab0a wp-block-uagb-image--layout-default wp-block-uagb-image--effect-static wp-block-uagb-image--align-none\"><figure class=\"wp-block-uagb-image__figure\"><img decoding=\"async\" srcset=\"https:\/\/www.sinilinnukeskus.ee\/wp-content\/uploads\/2023\/11\/370300825_301785019414454_1565157162780906954_n-1-724x1024.png \" sizes=\"auto, (max-width: 480px) 150px\" src=\"https:\/\/www.sinilinnukeskus.ee\/wp-content\/uploads\/2023\/11\/370300825_301785019414454_1565157162780906954_n-1-724x1024.png\" alt=\"\" class=\"uag-image-383\" width=\"840\" height=\"1188\" title=\"\" loading=\"lazy\"\/><\/figure><\/div>\n\n\n\n<p><\/p>\n\n\n\n<p><\/p>\n\n\n\n<p><\/p>\n\n\n\n<p><\/p>\n","protected":false},"excerpt":{"rendered":"<p>Koduaia \u00f5unakesed tutvumishinnaga ( 40 g pakike ): K\u00fclmkuivatatud \u00f5unad 4\u20ac (40g) Kuumkuivatatud 2\u20ac (40g) Segapakk 3\u20ac Pakis (40g) Tasuda saab sularahas ja \u00fclekandega Mittetulundus\u00fching<\/p>\n","protected":false},"author":1,"featured_media":0,"parent":0,"menu_order":0,"comment_status":"closed","ping_status":"closed","template":"","meta":{"_uag_custom_page_level_css":"","footnotes":""},"class_list":["post-374","page","type-page","status-publish","hentry"],"yoast_head":"<!-- This site is optimized with the Yoast SEO plugin v20.12 - https:\/\/yoast.com\/wordpress\/plugins\/seo\/ -->\n<title>Meie tooted - Sinilinnu P\u00e4evakeskus<\/title>\n<meta name=\"robots\" content=\"index, follow, max-snippet:-1, max-image-preview:large, max-video-preview:-1\" \/>\n<link rel=\"canonical\" href=\"https:\/\/sinilinnukeskus.ee\/?page_id=374\" \/>\n<meta property=\"og:locale\" content=\"et_EE\" \/>\n<meta property=\"og:type\" content=\"article\" \/>\n<meta property=\"og:title\" content=\"Meie tooted - Sinilinnu P\u00e4evakeskus\" \/>\n<meta property=\"og:description\" content=\"Koduaia \u00f5unakesed tutvumishinnaga ( 40 g pakike ): K\u00fclmkuivatatud \u00f5unad 4\u20ac (40g) Kuumkuivatatud 2\u20ac (40g) Segapakk 3\u20ac Pakis (40g) Tasuda saab sularahas ja \u00fclekandega Mittetulundus\u00fching\" \/>\n<meta property=\"og:url\" content=\"https:\/\/sinilinnukeskus.ee\/?page_id=374\" \/>\n<meta property=\"og:site_name\" content=\"Sinilinnu P\u00e4evakeskus\" \/>\n<meta property=\"article:modified_time\" content=\"2023-12-04T09:27:28+00:00\" \/>\n<meta property=\"og:image\" content=\"https:\/\/www.sinilinnukeskus.ee\/wp-content\/uploads\/2023\/11\/1699703143520-1024x461.jpg\" \/>\n<meta name=\"twitter:card\" content=\"summary_large_image\" \/>\n<meta name=\"twitter:label1\" content=\"Est. reading time\" \/>\n\t<meta name=\"twitter:data1\" content=\"1 minut\" \/>\n<script type=\"application\/ld+json\" class=\"yoast-schema-graph\">{\"@context\":\"https:\/\/schema.org\",\"@graph\":[{\"@type\":\"WebPage\",\"@id\":\"https:\/\/sinilinnukeskus.ee\/?page_id=374\",\"url\":\"https:\/\/sinilinnukeskus.ee\/?page_id=374\",\"name\":\"Meie tooted - Sinilinnu P\u00e4evakeskus\",\"isPartOf\":{\"@id\":\"https:\/\/sinilinnukeskus.ee\/#website\"},\"datePublished\":\"2023-11-11T11:50:03+00:00\",\"dateModified\":\"2023-12-04T09:27:28+00:00\",\"breadcrumb\":{\"@id\":\"https:\/\/sinilinnukeskus.ee\/?page_id=374#breadcrumb\"},\"inLanguage\":\"et\",\"potentialAction\":[{\"@type\":\"ReadAction\",\"target\":[\"https:\/\/sinilinnukeskus.ee\/?page_id=374\"]}]},{\"@type\":\"BreadcrumbList\",\"@id\":\"https:\/\/sinilinnukeskus.ee\/?page_id=374#breadcrumb\",\"itemListElement\":[{\"@type\":\"ListItem\",\"position\":1,\"name\":\"Home\",\"item\":\"https:\/\/sinilinnukeskus.ee\/\"},{\"@type\":\"ListItem\",\"position\":2,\"name\":\"Meie tooted\"}]},{\"@type\":\"WebSite\",\"@id\":\"https:\/\/sinilinnukeskus.ee\/#website\",\"url\":\"https:\/\/sinilinnukeskus.ee\/\",\"name\":\"Sinilinnu P\u00e4evakeskus\",\"description\":\"Pesa erilistele inimestele!\",\"publisher\":{\"@id\":\"https:\/\/sinilinnukeskus.ee\/#organization\"},\"potentialAction\":[{\"@type\":\"SearchAction\",\"target\":{\"@type\":\"EntryPoint\",\"urlTemplate\":\"https:\/\/sinilinnukeskus.ee\/?s={search_term_string}\"},\"query-input\":\"required name=search_term_string\"}],\"inLanguage\":\"et\"},{\"@type\":\"Organization\",\"@id\":\"https:\/\/sinilinnukeskus.ee\/#organization\",\"name\":\"Sinilinnu P\u00e4evakeskus\",\"url\":\"https:\/\/sinilinnukeskus.ee\/\",\"logo\":{\"@type\":\"ImageObject\",\"inLanguage\":\"et\",\"@id\":\"https:\/\/sinilinnukeskus.ee\/#\/schema\/logo\/image\/\",\"url\":\"https:\/\/sinilinnukeskus.ee\/wp-content\/uploads\/2023\/08\/cropped-347582059_748069043770774_4850634586322964706_n-1.jpg\",\"contentUrl\":\"https:\/\/sinilinnukeskus.ee\/wp-content\/uploads\/2023\/08\/cropped-347582059_748069043770774_4850634586322964706_n-1.jpg\",\"width\":452,\"height\":291,\"caption\":\"Sinilinnu P\u00e4evakeskus\"},\"image\":{\"@id\":\"https:\/\/sinilinnukeskus.ee\/#\/schema\/logo\/image\/\"}}]}<\/script>\n<!-- \/ Yoast SEO plugin. -->","yoast_head_json":{"title":"Meie tooted - Sinilinnu P\u00e4evakeskus","robots":{"index":"index","follow":"follow","max-snippet":"max-snippet:-1","max-image-preview":"max-image-preview:large","max-video-preview":"max-video-preview:-1"},"canonical":"https:\/\/sinilinnukeskus.ee\/?page_id=374","og_locale":"et_EE","og_type":"article","og_title":"Meie tooted - Sinilinnu P\u00e4evakeskus","og_description":"Koduaia \u00f5unakesed tutvumishinnaga ( 40 g pakike ): K\u00fclmkuivatatud \u00f5unad 4\u20ac (40g) Kuumkuivatatud 2\u20ac (40g) Segapakk 3\u20ac Pakis (40g) Tasuda saab sularahas ja \u00fclekandega Mittetulundus\u00fching","og_url":"https:\/\/sinilinnukeskus.ee\/?page_id=374","og_site_name":"Sinilinnu P\u00e4evakeskus","article_modified_time":"2023-12-04T09:27:28+00:00","og_image":[{"url":"https:\/\/www.sinilinnukeskus.ee\/wp-content\/uploads\/2023\/11\/1699703143520-1024x461.jpg"}],"twitter_card":"summary_large_image","twitter_misc":{"Est. reading time":"1 minut"},"schema":{"@context":"https:\/\/schema.org","@graph":[{"@type":"WebPage","@id":"https:\/\/sinilinnukeskus.ee\/?page_id=374","url":"https:\/\/sinilinnukeskus.ee\/?page_id=374","name":"Meie tooted - Sinilinnu P\u00e4evakeskus","isPartOf":{"@id":"https:\/\/sinilinnukeskus.ee\/#website"},"datePublished":"2023-11-11T11:50:03+00:00","dateModified":"2023-12-04T09:27:28+00:00","breadcrumb":{"@id":"https:\/\/sinilinnukeskus.ee\/?page_id=374#breadcrumb"},"inLanguage":"et","potentialAction":[{"@type":"ReadAction","target":["https:\/\/sinilinnukeskus.ee\/?page_id=374"]}]},{"@type":"BreadcrumbList","@id":"https:\/\/sinilinnukeskus.ee\/?page_id=374#breadcrumb","itemListElement":[{"@type":"ListItem","position":1,"name":"Home","item":"https:\/\/sinilinnukeskus.ee\/"},{"@type":"ListItem","position":2,"name":"Meie tooted"}]},{"@type":"WebSite","@id":"https:\/\/sinilinnukeskus.ee\/#website","url":"https:\/\/sinilinnukeskus.ee\/","name":"Sinilinnu P\u00e4evakeskus","description":"Pesa erilistele inimestele!","publisher":{"@id":"https:\/\/sinilinnukeskus.ee\/#organization"},"potentialAction":[{"@type":"SearchAction","target":{"@type":"EntryPoint","urlTemplate":"https:\/\/sinilinnukeskus.ee\/?s={search_term_string}"},"query-input":"required name=search_term_string"}],"inLanguage":"et"},{"@type":"Organization","@id":"https:\/\/sinilinnukeskus.ee\/#organization","name":"Sinilinnu P\u00e4evakeskus","url":"https:\/\/sinilinnukeskus.ee\/","logo":{"@type":"ImageObject","inLanguage":"et","@id":"https:\/\/sinilinnukeskus.ee\/#\/schema\/logo\/image\/","url":"https:\/\/sinilinnukeskus.ee\/wp-content\/uploads\/2023\/08\/cropped-347582059_748069043770774_4850634586322964706_n-1.jpg","contentUrl":"https:\/\/sinilinnukeskus.ee\/wp-content\/uploads\/2023\/08\/cropped-347582059_748069043770774_4850634586322964706_n-1.jpg","width":452,"height":291,"caption":"Sinilinnu P\u00e4evakeskus"},"image":{"@id":"https:\/\/sinilinnukeskus.ee\/#\/schema\/logo\/image\/"}}]}},"uagb_featured_image_src":{"full":false,"thumbnail":false,"medium":false,"medium_large":false,"large":false,"1536x1536":false,"2048x2048":false,"nonprofit_post":false,"nonprofit_slider":false,"woocommerce_thumbnail":false,"woocommerce_single":false,"woocommerce_gallery_thumbnail":false},"uagb_author_info":{"display_name":"Sinilinnu P\u00e4evakeskus","author_link":"https:\/\/sinilinnukeskus.ee\/?author=1"},"uagb_comment_info":0,"uagb_excerpt":"Koduaia \u00f5unakesed tutvumishinnaga ( 40 g pakike ): K\u00fclmkuivatatud \u00f5unad 4\u20ac (40g) Kuumkuivatatud 2\u20ac (40g) Segapakk 3\u20ac Pakis (40g) Tasuda saab sularahas ja \u00fclekandega Mittetulundus\u00fching","_links":{"self":[{"href":"https:\/\/sinilinnukeskus.ee\/index.php?rest_route=\/wp\/v2\/pages\/374","targetHints":{"allow":["GET"]}}],"collection":[{"href":"https:\/\/sinilinnukeskus.ee\/index.php?rest_route=\/wp\/v2\/pages"}],"about":[{"href":"https:\/\/sinilinnukeskus.ee\/index.php?rest_route=\/wp\/v2\/types\/page"}],"author":[{"embeddable":true,"href":"https:\/\/sinilinnukeskus.ee\/index.php?rest_route=\/wp\/v2\/users\/1"}],"replies":[{"embeddable":true,"href":"https:\/\/sinilinnukeskus.ee\/index.php?rest_route=%2Fwp%2Fv2%2Fcomments&post=374"}],"version-history":[{"count":5,"href":"https:\/\/sinilinnukeskus.ee\/index.php?rest_route=\/wp\/v2\/pages\/374\/revisions"}],"predecessor-version":[{"id":442,"href":"https:\/\/sinilinnukeskus.ee\/index.php?rest_route=\/wp\/v2\/pages\/374\/revisions\/442"}],"wp:attachment":[{"href":"https:\/\/sinilinnukeskus.ee\/index.php?rest_route=%2Fwp%2Fv2%2Fmedia&parent=374"}],"curies":[{"name":"wp","href":"https:\/\/api.w.org\/{rel}","templated":true}]}}