{"id":183,"date":"2023-10-06T11:52:41","date_gmt":"2023-10-06T08:52:41","guid":{"rendered":"https:\/\/www.sinilinnukeskus.ee\/?page_id=183"},"modified":"2023-12-04T11:30:47","modified_gmt":"2023-12-04T09:30:47","slug":"tugiisiku-teenus","status":"publish","type":"page","link":"https:\/\/sinilinnukeskus.ee\/?page_id=183","title":{"rendered":"Tugiisiku teenus"},"content":{"rendered":"\n<p><strong><em>\u00dcLDINFO<\/em> <\/strong><\/p>\n\n\n\n<p class=\"has-text-align-left\">Tugiisikuteenuse eesm\u00e4rk on toetada iseseisvat toimetulekut olukordades, kus isik vajab sotsiaalsete, majanduslike, ps\u00fchholoogiliste v\u00f5i tervislike probleemide t\u00f5ttu oma kohustuste t\u00e4itmisel ja \u00f5iguste kasutamisel olulisel m\u00e4\u00e4ral k\u00f5rvalabi. Isikut juhendatakse ja motiveeritakse ning arendatakse tema iseseisvust ja omavastutusv\u00f5imet. <\/p>\n\n\n\n<p class=\"has-text-align-left\"><strong>TEENUSE TAOTLEMINE<\/strong> <\/p>\n\n\n\n<p class=\"has-text-align-left\">Teenust on \u00f5igus taotleda t\u00e4isealisel isikul, kelle elukohana on rahvastikuregistrisse kantud R\u00e4pina vald ja kes vajab sotsiaalsete, majanduslike, ps\u00fchholoogiliste v\u00f5i tervislike probleemide t\u00f5ttu oma kohustuste t\u00e4itmisel ja \u00f5iguste teostamisel olulisel m\u00e4\u00e4ral k\u00f5rvalabi. <\/p>\n\n\n\n<p class=\"has-text-align-left\">Teenuse taotlemiseks tuleb isikul v\u00f5i tema seaduslikul esindajal p\u00f6\u00f6rduda oma elukohaj\u00e4rgse sotsiaal- ja tervishoiuosakonna sotsiaalt\u00f6\u00f6spetsialisti vastuv\u00f5tule, kes hindab isiku vajadust teenuse j\u00e4rele ning selgitab teenuse saamise tingimusi ja korda. Kaasa v\u00f5tta isikut t\u00f5endav dokument.<\/p>\n\n\n\n<p>Teenust reguleerib <strong>Sotsiaalhoolekande seadus<\/strong> <strong>\u00a7 23<\/strong><\/p>\n\n\n\n<p class=\"has-text-align-left\">Meie tegevusjuhendaja on Sotsiaal- ja tervishoiuvaldkonna spetsialist, tase 4 ja on spetsialiseerunud : *S\u00f5ltuvush\u00e4irega isiku tugiisik, tase 4 *Toimetulekuraskustes isiku tugiisik, tase 4 *Abivajadusega (tervisest tuleneva erivajadusega) lapse tugiisik, tase 4!<\/p>\n\n\n\n<p>Tugiisiku teenuse hind on <strong>9,00 eurot\/tund<\/strong>. Erijuhud- teenused ja maksumused lepitakse kokku l\u00e4htudes konkreetsest juhtumist.<\/p>\n","protected":false},"excerpt":{"rendered":"<p>\u00dcLDINFO Tugiisikuteenuse eesm\u00e4rk on toetada iseseisvat toimetulekut olukordades, kus isik vajab sotsiaalsete, majanduslike, ps\u00fchholoogiliste v\u00f5i tervislike probleemide t\u00f5ttu oma kohustuste t\u00e4itmisel ja \u00f5iguste kasutamisel olulisel<\/p>\n","protected":false},"author":1,"featured_media":0,"parent":0,"menu_order":0,"comment_status":"closed","ping_status":"closed","template":"","meta":{"_uag_custom_page_level_css":"","footnotes":""},"class_list":["post-183","page","type-page","status-publish","hentry"],"yoast_head":"<!-- This site is optimized with the Yoast SEO plugin v20.12 - https:\/\/yoast.com\/wordpress\/plugins\/seo\/ -->\n<title>Tugiisiku teenus - Sinilinnu P\u00e4evakeskus<\/title>\n<meta name=\"robots\" content=\"index, follow, max-snippet:-1, max-image-preview:large, max-video-preview:-1\" \/>\n<link rel=\"canonical\" href=\"https:\/\/sinilinnukeskus.ee\/?page_id=183\" \/>\n<meta property=\"og:locale\" content=\"et_EE\" \/>\n<meta property=\"og:type\" content=\"article\" \/>\n<meta property=\"og:title\" content=\"Tugiisiku teenus - Sinilinnu P\u00e4evakeskus\" \/>\n<meta property=\"og:description\" content=\"\u00dcLDINFO Tugiisikuteenuse eesm\u00e4rk on toetada iseseisvat toimetulekut olukordades, kus isik vajab sotsiaalsete, majanduslike, ps\u00fchholoogiliste v\u00f5i tervislike probleemide t\u00f5ttu oma kohustuste t\u00e4itmisel ja \u00f5iguste kasutamisel olulisel\" \/>\n<meta property=\"og:url\" content=\"https:\/\/sinilinnukeskus.ee\/?page_id=183\" \/>\n<meta property=\"og:site_name\" content=\"Sinilinnu P\u00e4evakeskus\" \/>\n<meta property=\"article:modified_time\" content=\"2023-12-04T09:30:47+00:00\" \/>\n<meta name=\"twitter:card\" content=\"summary_large_image\" \/>\n<meta name=\"twitter:label1\" content=\"Est. reading time\" \/>\n\t<meta name=\"twitter:data1\" content=\"1 minut\" \/>\n<script type=\"application\/ld+json\" class=\"yoast-schema-graph\">{\"@context\":\"https:\/\/schema.org\",\"@graph\":[{\"@type\":\"WebPage\",\"@id\":\"https:\/\/sinilinnukeskus.ee\/?page_id=183\",\"url\":\"https:\/\/sinilinnukeskus.ee\/?page_id=183\",\"name\":\"Tugiisiku teenus - Sinilinnu P\u00e4evakeskus\",\"isPartOf\":{\"@id\":\"https:\/\/sinilinnukeskus.ee\/#website\"},\"datePublished\":\"2023-10-06T08:52:41+00:00\",\"dateModified\":\"2023-12-04T09:30:47+00:00\",\"breadcrumb\":{\"@id\":\"https:\/\/sinilinnukeskus.ee\/?page_id=183#breadcrumb\"},\"inLanguage\":\"et\",\"potentialAction\":[{\"@type\":\"ReadAction\",\"target\":[\"https:\/\/sinilinnukeskus.ee\/?page_id=183\"]}]},{\"@type\":\"BreadcrumbList\",\"@id\":\"https:\/\/sinilinnukeskus.ee\/?page_id=183#breadcrumb\",\"itemListElement\":[{\"@type\":\"ListItem\",\"position\":1,\"name\":\"Home\",\"item\":\"https:\/\/sinilinnukeskus.ee\/\"},{\"@type\":\"ListItem\",\"position\":2,\"name\":\"Tugiisiku teenus\"}]},{\"@type\":\"WebSite\",\"@id\":\"https:\/\/sinilinnukeskus.ee\/#website\",\"url\":\"https:\/\/sinilinnukeskus.ee\/\",\"name\":\"Sinilinnu P\u00e4evakeskus\",\"description\":\"Pesa erilistele inimestele!\",\"publisher\":{\"@id\":\"https:\/\/sinilinnukeskus.ee\/#organization\"},\"potentialAction\":[{\"@type\":\"SearchAction\",\"target\":{\"@type\":\"EntryPoint\",\"urlTemplate\":\"https:\/\/sinilinnukeskus.ee\/?s={search_term_string}\"},\"query-input\":\"required name=search_term_string\"}],\"inLanguage\":\"et\"},{\"@type\":\"Organization\",\"@id\":\"https:\/\/sinilinnukeskus.ee\/#organization\",\"name\":\"Sinilinnu P\u00e4evakeskus\",\"url\":\"https:\/\/sinilinnukeskus.ee\/\",\"logo\":{\"@type\":\"ImageObject\",\"inLanguage\":\"et\",\"@id\":\"https:\/\/sinilinnukeskus.ee\/#\/schema\/logo\/image\/\",\"url\":\"https:\/\/sinilinnukeskus.ee\/wp-content\/uploads\/2023\/08\/cropped-347582059_748069043770774_4850634586322964706_n-1.jpg\",\"contentUrl\":\"https:\/\/sinilinnukeskus.ee\/wp-content\/uploads\/2023\/08\/cropped-347582059_748069043770774_4850634586322964706_n-1.jpg\",\"width\":452,\"height\":291,\"caption\":\"Sinilinnu P\u00e4evakeskus\"},\"image\":{\"@id\":\"https:\/\/sinilinnukeskus.ee\/#\/schema\/logo\/image\/\"}}]}<\/script>\n<!-- \/ Yoast SEO plugin. -->","yoast_head_json":{"title":"Tugiisiku teenus - Sinilinnu P\u00e4evakeskus","robots":{"index":"index","follow":"follow","max-snippet":"max-snippet:-1","max-image-preview":"max-image-preview:large","max-video-preview":"max-video-preview:-1"},"canonical":"https:\/\/sinilinnukeskus.ee\/?page_id=183","og_locale":"et_EE","og_type":"article","og_title":"Tugiisiku teenus - Sinilinnu P\u00e4evakeskus","og_description":"\u00dcLDINFO Tugiisikuteenuse eesm\u00e4rk on toetada iseseisvat toimetulekut olukordades, kus isik vajab sotsiaalsete, majanduslike, ps\u00fchholoogiliste v\u00f5i tervislike probleemide t\u00f5ttu oma kohustuste t\u00e4itmisel ja \u00f5iguste kasutamisel olulisel","og_url":"https:\/\/sinilinnukeskus.ee\/?page_id=183","og_site_name":"Sinilinnu P\u00e4evakeskus","article_modified_time":"2023-12-04T09:30:47+00:00","twitter_card":"summary_large_image","twitter_misc":{"Est. reading time":"1 minut"},"schema":{"@context":"https:\/\/schema.org","@graph":[{"@type":"WebPage","@id":"https:\/\/sinilinnukeskus.ee\/?page_id=183","url":"https:\/\/sinilinnukeskus.ee\/?page_id=183","name":"Tugiisiku teenus - Sinilinnu P\u00e4evakeskus","isPartOf":{"@id":"https:\/\/sinilinnukeskus.ee\/#website"},"datePublished":"2023-10-06T08:52:41+00:00","dateModified":"2023-12-04T09:30:47+00:00","breadcrumb":{"@id":"https:\/\/sinilinnukeskus.ee\/?page_id=183#breadcrumb"},"inLanguage":"et","potentialAction":[{"@type":"ReadAction","target":["https:\/\/sinilinnukeskus.ee\/?page_id=183"]}]},{"@type":"BreadcrumbList","@id":"https:\/\/sinilinnukeskus.ee\/?page_id=183#breadcrumb","itemListElement":[{"@type":"ListItem","position":1,"name":"Home","item":"https:\/\/sinilinnukeskus.ee\/"},{"@type":"ListItem","position":2,"name":"Tugiisiku teenus"}]},{"@type":"WebSite","@id":"https:\/\/sinilinnukeskus.ee\/#website","url":"https:\/\/sinilinnukeskus.ee\/","name":"Sinilinnu P\u00e4evakeskus","description":"Pesa erilistele inimestele!","publisher":{"@id":"https:\/\/sinilinnukeskus.ee\/#organization"},"potentialAction":[{"@type":"SearchAction","target":{"@type":"EntryPoint","urlTemplate":"https:\/\/sinilinnukeskus.ee\/?s={search_term_string}"},"query-input":"required name=search_term_string"}],"inLanguage":"et"},{"@type":"Organization","@id":"https:\/\/sinilinnukeskus.ee\/#organization","name":"Sinilinnu P\u00e4evakeskus","url":"https:\/\/sinilinnukeskus.ee\/","logo":{"@type":"ImageObject","inLanguage":"et","@id":"https:\/\/sinilinnukeskus.ee\/#\/schema\/logo\/image\/","url":"https:\/\/sinilinnukeskus.ee\/wp-content\/uploads\/2023\/08\/cropped-347582059_748069043770774_4850634586322964706_n-1.jpg","contentUrl":"https:\/\/sinilinnukeskus.ee\/wp-content\/uploads\/2023\/08\/cropped-347582059_748069043770774_4850634586322964706_n-1.jpg","width":452,"height":291,"caption":"Sinilinnu P\u00e4evakeskus"},"image":{"@id":"https:\/\/sinilinnukeskus.ee\/#\/schema\/logo\/image\/"}}]}},"uagb_featured_image_src":{"full":false,"thumbnail":false,"medium":false,"medium_large":false,"large":false,"1536x1536":false,"2048x2048":false,"nonprofit_post":false,"nonprofit_slider":false,"woocommerce_thumbnail":false,"woocommerce_single":false,"woocommerce_gallery_thumbnail":false},"uagb_author_info":{"display_name":"Sinilinnu P\u00e4evakeskus","author_link":"https:\/\/sinilinnukeskus.ee\/?author=1"},"uagb_comment_info":0,"uagb_excerpt":"\u00dcLDINFO Tugiisikuteenuse eesm\u00e4rk on toetada iseseisvat toimetulekut olukordades, kus isik vajab sotsiaalsete, majanduslike, ps\u00fchholoogiliste v\u00f5i tervislike probleemide t\u00f5ttu oma kohustuste t\u00e4itmisel ja \u00f5iguste kasutamisel olulisel","_links":{"self":[{"href":"https:\/\/sinilinnukeskus.ee\/index.php?rest_route=\/wp\/v2\/pages\/183","targetHints":{"allow":["GET"]}}],"collection":[{"href":"https:\/\/sinilinnukeskus.ee\/index.php?rest_route=\/wp\/v2\/pages"}],"about":[{"href":"https:\/\/sinilinnukeskus.ee\/index.php?rest_route=\/wp\/v2\/types\/page"}],"author":[{"embeddable":true,"href":"https:\/\/sinilinnukeskus.ee\/index.php?rest_route=\/wp\/v2\/users\/1"}],"replies":[{"embeddable":true,"href":"https:\/\/sinilinnukeskus.ee\/index.php?rest_route=%2Fwp%2Fv2%2Fcomments&post=183"}],"version-history":[{"count":5,"href":"https:\/\/sinilinnukeskus.ee\/index.php?rest_route=\/wp\/v2\/pages\/183\/revisions"}],"predecessor-version":[{"id":445,"href":"https:\/\/sinilinnukeskus.ee\/index.php?rest_route=\/wp\/v2\/pages\/183\/revisions\/445"}],"wp:attachment":[{"href":"https:\/\/sinilinnukeskus.ee\/index.php?rest_route=%2Fwp%2Fv2%2Fmedia&parent=183"}],"curies":[{"name":"wp","href":"https:\/\/api.w.org\/{rel}","templated":true}]}}